{"id":5021,"date":"2025-09-04T19:44:59","date_gmt":"2025-09-04T17:44:59","guid":{"rendered":"https:\/\/immomeier.lu\/?page_id=5021"},"modified":"2025-09-04T20:15:53","modified_gmt":"2025-09-04T18:15:53","slug":"avis-juridique","status":"publish","type":"page","link":"https:\/\/immomeier.lu\/fr\/legal-notice\/","title":{"rendered":"Avis juridique"},"content":{"rendered":"<div class=\"wpb-content-wrapper\"><div class=\"vc_row wpb_row vc_row-fluid\"><div class=\"wpb_column vc_column_container vc_col-sm-12\"><div class=\"vc_column-inner\"><div class=\"wpb_wrapper\">\n\t<div class=\"wpb_text_column wpb_content_element\" >\n\t\t<div class=\"wpb_wrapper\">\n\t\t\t<p>Responsable selon l'art. 5 de la directive sur le commerce \u00e9lectronique et de la loi luxembourgeoise sur le commerce \u00e9lectronique :<\/p>\n<p><strong>Immobili\u00e8re Pascale Meier S.\u00e0 r.l.<\/strong><br \/>\n39a, rue Roodt-Syre<br \/>\nL-6933 Mensdorf, Luxembourg<\/p>\n<p>T\u00e9l\u00e9phone : +352 621 322 488 +352 621 322 488<br \/>\nCourrier \u00e9lectronique : info@immomeier.lu<\/p>\n<p><strong>Repr\u00e9sent\u00e9 par :<\/strong><br \/>\nPascale Meier<br \/>\nRCS : B295860<br \/>\nID TVA : LU36543400<\/p>\n<p><strong>Autorit\u00e9 de contr\u00f4le :<\/strong><br \/>\nCommission de Surveillance du Secteur Financier (CSSF)<br \/>\n283, route d'Arlon<br \/>\nL-2991 Luxembourg<\/p>\n<p><strong>Titre professionnel :<\/strong><br \/>\nAgent immobilier (accord\u00e9 au Luxembourg)<\/p>\n<p><strong>R\u00e9glementation professionnelle applicable :<\/strong><br \/>\nL'activit\u00e9 est soumise \u00e0 la l\u00e9gislation luxembourgeoise, en particulier aux dispositions l\u00e9gales relatives aux agents immobiliers.<\/p>\n<p><strong>Avis de non-responsabilit\u00e9 :<\/strong><br \/>\nLe contenu de ce site web a \u00e9t\u00e9 cr\u00e9\u00e9 avec le plus grand soin. Toutefois, nous ne pouvons pas garantir l'exactitude, l'exhaustivit\u00e9 ou l'actualit\u00e9 du contenu.<\/p>\n<p><strong>Droit d'auteur :<\/strong><br \/>\nL'ensemble du contenu et des \u0153uvres de ce site est prot\u00e9g\u00e9 par le droit d'auteur. Toute reproduction ou distribution sans accord \u00e9crit pr\u00e9alable est interdite.<\/p>\n\n\t\t<\/div>\n\t<\/div>\n<\/div><\/div><\/div><\/div>\n<\/div>","protected":false},"excerpt":{"rendered":"Responsible according to Art. 5 of the E-Commerce Directive and Luxembourg law on electronic commerce: Immobili\u00e8re Pascale Meier S.\u00e0 r.l. 39a, rue Roodt-Syre L-6933 Mensdorf, Luxembourg Phone: +352 621 322 488 E-Mail: info@immomeier.lu Represented by: Pascale Meier RCS : B295860 VAT ID: LU36543400 Supervisory authority: Commission de Surveillance du Secteur Financier (CSSF) 283, route d\u2019Arlon [...]","protected":false},"author":1,"featured_media":0,"parent":0,"menu_order":0,"comment_status":"closed","ping_status":"closed","template":"page_right-sidebar-with-top-title.php","meta":{"_acf_changed":false,"footnotes":""},"class_list":["post-5021","page","type-page","status-publish","hentry"],"acf":[],"_links":{"self":[{"href":"https:\/\/immomeier.lu\/fr\/wp-json\/wp\/v2\/pages\/5021","targetHints":{"allow":["GET"]}}],"collection":[{"href":"https:\/\/immomeier.lu\/fr\/wp-json\/wp\/v2\/pages"}],"about":[{"href":"https:\/\/immomeier.lu\/fr\/wp-json\/wp\/v2\/types\/page"}],"author":[{"embeddable":true,"href":"https:\/\/immomeier.lu\/fr\/wp-json\/wp\/v2\/users\/1"}],"replies":[{"embeddable":true,"href":"https:\/\/immomeier.lu\/fr\/wp-json\/wp\/v2\/comments?post=5021"}],"version-history":[{"count":4,"href":"https:\/\/immomeier.lu\/fr\/wp-json\/wp\/v2\/pages\/5021\/revisions"}],"predecessor-version":[{"id":5028,"href":"https:\/\/immomeier.lu\/fr\/wp-json\/wp\/v2\/pages\/5021\/revisions\/5028"}],"wp:attachment":[{"href":"https:\/\/immomeier.lu\/fr\/wp-json\/wp\/v2\/media?parent=5021"}],"curies":[{"name":"wp","href":"https:\/\/api.w.org\/{rel}","templated":true}]}}