{"id":3699,"date":"2023-10-27T23:02:41","date_gmt":"2023-10-27T21:02:41","guid":{"rendered":"https:\/\/immoportal.lu\/?page_id=3699"},"modified":"2023-10-27T23:30:27","modified_gmt":"2023-10-27T21:30:27","slug":"services","status":"publish","type":"page","link":"https:\/\/immomeier.lu\/fr\/services\/","title":{"rendered":"Services"},"content":{"rendered":"<div class=\"wpb-content-wrapper\"><div class=\"vc_row wpb_row vc_row-fluid\"><div class=\"wpb_column vc_column_container vc_col-sm-12\"><div class=\"vc_column-inner\"><div class=\"wpb_wrapper\"><div class=\"\">\r\n\t\r\n        <div class=\"mh-heading-wrapper\">\r\n            <h2            class=\"mh-heading  mh-heading--bottom-separator\"\r\n            style=\"font-weight:700;\">\r\n\t\t\tImmoPortal est un service d'ImmoTV.lu        <\/h2>\r\n\r\n\t\t            <div class=\"mh-subheading\"\r\n                 style=\"\">\r\n\t\t\t\tpowered by eConcept s.\u00e0r.l.-s.            <\/div>\r\n\t\t    <\/div>\r\n\r\n\t<\/div>\n\t<div class=\"wpb_text_column wpb_content_element\" >\n\t\t<div class=\"wpb_wrapper\">\n\t\t\t<p>ImmoTV.lu offre une gamme compl\u00e8te de services immobiliers pour vous aider \u00e0 pr\u00e9senter et \u00e0 commercialiser efficacement vos propri\u00e9t\u00e9s au Luxembourg. Notre gamme de services comprend :<\/p>\n\n\t\t<\/div>\n\t<\/div>\n<\/div><\/div><\/div><\/div><div class=\"vc_row wpb_row vc_row-fluid\"><div class=\"wpb_column vc_column_container vc_col-sm-12\"><div class=\"vc_column-inner\"><div class=\"wpb_wrapper\"><div class=\"vc_tta-container\" data-vc-action=\"collapse\"><div class=\"vc_general vc_tta vc_tta-accordion vc_tta-color-grey vc_tta-style-classic vc_tta-shape-rounded vc_tta-o-shape-group vc_tta-controls-align-default\"><div class=\"vc_tta-panels-container\"><div class=\"vc_tta-panels\"><div class=\"vc_tta-panel vc_active\" id=\"1698441452737-cde1e6c3-5b0a\" data-vc-content=\".vc_tta-panel-body\"><div class=\"vc_tta-panel-heading\"><h4 class=\"vc_tta-panel-title vc_tta-controls-icon-position-left\"><a href=\"#1698441452737-cde1e6c3-5b0a\" data-vc-accordion data-vc-container=\".vc_tta-container\"><span class=\"vc_tta-title-text\">Photographie professionnelle<\/span><i class=\"vc_tta-controls-icon vc_tta-controls-icon-plus\"><\/i><\/a><\/h4><\/div><div class=\"vc_tta-panel-body\"><div class=\"aio-icon-component    style_1\"><div id=\"Info-box-wrap-4971\" class=\"aio-icon-box default-icon\" style=\"\"  ><div class=\"aio-icon-default\"><div class=\"ult-just-icon-wrapper\"><div class=\"align-icon\" style=\"text-align:center;\">\n<div class=\"aio-icon none\"  style=\"color:#333;font-size:32px;display:inline-block;\">\n\t<i class=\"Defaults-camera\"><\/i>\n<\/div><\/div><\/div><\/div><div class=\"aio-icon-description ult-responsive\"  data-ultimate-target='#Info-box-wrap-4971 .aio-icon-description'  data-responsive-json-new='{\"font-size\":\"\",\"line-height\":\"\"}'  style=\"\">Nos photographes exp\u00e9riment\u00e9s capturent l'essence de votre propri\u00e9t\u00e9 avec des images de haute qualit\u00e9 qui mettent en valeur ses caract\u00e9ristiques uniques et son charme. Nous savons qu'une image vaut mille mots, et nous veillons \u00e0 ce que votre propri\u00e9t\u00e9 en dise long aux acheteurs potentiels.<\/div> <!-- description --><\/div> <!-- aio-icon-box --><\/div> <!-- aio-icon-component --><\/div><\/div><div class=\"vc_tta-panel\" id=\"1698441452737-5432b256-1994\" data-vc-content=\".vc_tta-panel-body\"><div class=\"vc_tta-panel-heading\"><h4 class=\"vc_tta-panel-title vc_tta-controls-icon-position-left\"><a href=\"#1698441452737-5432b256-1994\" data-vc-accordion data-vc-container=\".vc_tta-container\"><span class=\"vc_tta-title-text\">Pr\u00e9sentations vid\u00e9o<\/span><i class=\"vc_tta-controls-icon vc_tta-controls-icon-plus\"><\/i><\/a><\/h4><\/div><div class=\"vc_tta-panel-body\"><div class=\"aio-icon-component    style_1\"><div id=\"Info-box-wrap-3871\" class=\"aio-icon-box default-icon\" style=\"\"  ><\/div> <!-- aio-icon-box --><\/div> <!-- aio-icon-component --><div class=\"aio-icon-component    style_1\"><div id=\"Info-box-wrap-7146\" class=\"aio-icon-box default-icon\" style=\"\"  ><div class=\"aio-icon-default\"><div class=\"ult-just-icon-wrapper\"><div class=\"align-icon\" style=\"text-align:center;\">\n<div class=\"aio-icon none\"  style=\"color:#333;font-size:32px;display:inline-block;\">\n\t<i class=\"Defaults-video-camera\"><\/i>\n<\/div><\/div><\/div><\/div><div class=\"aio-icon-description ult-responsive\"  data-ultimate-target='#Info-box-wrap-7146 .aio-icon-description'  data-responsive-json-new='{\"font-size\":\"\",\"line-height\":\"\"}'  style=\"\">Notre \u00e9quipe cr\u00e9e des pr\u00e9sentations vid\u00e9o attrayantes qui offrent une vue dynamique et immersive de votre propri\u00e9t\u00e9. Gr\u00e2ce \u00e0 ces vid\u00e9os, nous aidons les acheteurs potentiels \u00e0 s'imaginer dans leur future maison, ce qui conf\u00e8re \u00e0 votre annonce un avantage certain.<\/div> <!-- description --><\/div> <!-- aio-icon-box --><\/div> <!-- aio-icon-component --><\/div><\/div><div class=\"vc_tta-panel\" id=\"1698441634097-f192db57-f69b\" data-vc-content=\".vc_tta-panel-body\"><div class=\"vc_tta-panel-heading\"><h4 class=\"vc_tta-panel-title vc_tta-controls-icon-position-left\"><a href=\"#1698441634097-f192db57-f69b\" data-vc-accordion data-vc-container=\".vc_tta-container\"><span class=\"vc_tta-title-text\">Visites virtuelles<\/span><i class=\"vc_tta-controls-icon vc_tta-controls-icon-plus\"><\/i><\/a><\/h4><\/div><div class=\"vc_tta-panel-body\"><div class=\"aio-icon-component    style_1\"><div id=\"Info-box-wrap-3930\" class=\"aio-icon-box default-icon\" style=\"\"  ><div class=\"aio-icon-default\"><div class=\"ult-just-icon-wrapper\"><div class=\"align-icon\" style=\"text-align:center;\">\n<div class=\"aio-icon none\"  style=\"color:#333;font-size:32px;display:inline-block;\">\n\t<i class=\"Defaults-spinner\"><\/i>\n<\/div><\/div><\/div><\/div><div class=\"aio-icon-description ult-responsive\"  data-ultimate-target='#Info-box-wrap-3930 .aio-icon-description'  data-responsive-json-new='{\"font-size\":\"\",\"line-height\":\"\"}'  style=\"\">Les visites virtuelles d'ImmoTV offrent une vue \u00e0 360 degr\u00e9s de votre propri\u00e9t\u00e9, permettant aux acheteurs potentiels d'en explorer les moindres recoins depuis le confort de leur \u00e9cran. Cette exp\u00e9rience interactive leur permet de se faire une id\u00e9e pr\u00e9cise de l'espace et de l'agencement.<\/div> <!-- description --><\/div> <!-- aio-icon-box --><\/div> <!-- aio-icon-component --><\/div><\/div><div class=\"vc_tta-panel\" id=\"1698441637301-f3b8ee2f-9ee0\" data-vc-content=\".vc_tta-panel-body\"><div class=\"vc_tta-panel-heading\"><h4 class=\"vc_tta-panel-title vc_tta-controls-icon-position-left\"><a href=\"#1698441637301-f3b8ee2f-9ee0\" data-vc-accordion data-vc-container=\".vc_tta-container\"><span class=\"vc_tta-title-text\">Inscription sur les portails immobiliers<\/span><i class=\"vc_tta-controls-icon vc_tta-controls-icon-plus\"><\/i><\/a><\/h4><\/div><div class=\"vc_tta-panel-body\"><div class=\"aio-icon-component    style_1\"><div id=\"Info-box-wrap-1674\" class=\"aio-icon-box default-icon\" style=\"\"  ><div class=\"aio-icon-default\"><div class=\"ult-just-icon-wrapper\"><div class=\"align-icon\" style=\"text-align:center;\">\n<div class=\"aio-icon none\"  style=\"color:#333;font-size:32px;display:inline-block;\">\n\t<i class=\"Defaults-desktop\"><\/i>\n<\/div><\/div><\/div><\/div><div class=\"aio-icon-description ult-responsive\"  data-ultimate-target='#Info-box-wrap-1674 .aio-icon-description'  data-responsive-json-new='{\"font-size\":\"\",\"line-height\":\"\"}'  style=\"\">Nous prenons en charge le processus d'inscription de votre bien sur les principaux portails immobiliers, garantissant ainsi une visibilit\u00e9 maximale aupr\u00e8s d'un public large et diversifi\u00e9 d'acheteurs potentiels. Ce service vous permet d'\u00e9conomiser du temps et des efforts tout en \u00e9largissant la port\u00e9e de votre propri\u00e9t\u00e9.<\/div> <!-- description --><\/div> <!-- aio-icon-box --><\/div> <!-- aio-icon-component --><\/div><\/div><div class=\"vc_tta-panel\" id=\"1698441638689-537aa892-78f5\" data-vc-content=\".vc_tta-panel-body\"><div class=\"vc_tta-panel-heading\"><h4 class=\"vc_tta-panel-title vc_tta-controls-icon-position-left\"><a href=\"#1698441638689-537aa892-78f5\" data-vc-accordion data-vc-container=\".vc_tta-container\"><span class=\"vc_tta-title-text\">Promotion des m\u00e9dias sociaux<\/span><i class=\"vc_tta-controls-icon vc_tta-controls-icon-plus\"><\/i><\/a><\/h4><\/div><div class=\"vc_tta-panel-body\"><div class=\"aio-icon-component    style_1\"><div id=\"Info-box-wrap-4421\" class=\"aio-icon-box default-icon\" style=\"\"  ><div class=\"aio-icon-default\"><div class=\"ult-just-icon-wrapper\"><div class=\"align-icon\" style=\"text-align:center;\">\n<div class=\"aio-icon none\"  style=\"color:#333;font-size:32px;display:inline-block;\">\n\t<i class=\"Defaults-facebook-square\"><\/i>\n<\/div><\/div><\/div><\/div><div class=\"aio-icon-description ult-responsive\"  data-ultimate-target='#Info-box-wrap-4421 .aio-icon-description'  data-responsive-json-new='{\"font-size\":\"\",\"line-height\":\"\"}'  style=\"\">Nos experts en marketing tirent parti de la puissance des r\u00e9seaux sociaux pour promouvoir votre propri\u00e9t\u00e9. Nous r\u00e9digeons des messages convaincants, utilisons des publicit\u00e9s cibl\u00e9es et dialoguons avec des acheteurs potentiels, afin d'accro\u00eetre la visibilit\u00e9 de votre bien et d'attirer un public plus large.<\/div> <!-- description --><\/div> <!-- aio-icon-box --><\/div> <!-- aio-icon-component --><\/div><\/div><\/div><\/div><\/div><\/div><\/div><\/div><\/div><\/div><div class=\"vc_row wpb_row vc_row-fluid\"><div class=\"wpb_column vc_column_container vc_col-sm-12\"><div class=\"vc_column-inner\"><div class=\"wpb_wrapper\">\n\t<div class=\"wpb_text_column wpb_content_element\" >\n\t\t<div class=\"wpb_wrapper\">\n\t\t\t<p>Gr\u00e2ce aux services immobiliers complets d'ImmoPortal, vous pouvez \u00eatre s\u00fbr que votre bien sera mis en valeur, commercialis\u00e9 et promu efficacement pour atteindre les bons acheteurs, vous aidant ainsi \u00e0 atteindre vos objectifs immobiliers au Luxembourg.<\/p>\n\n\t\t<\/div>\n\t<\/div>\n<\/div><\/div><\/div><\/div>\n<\/div>","protected":false},"excerpt":{"rendered":"ImmoPortal is a service by ImmoTV.lu powered by eConcept s.\u00e0r.l.-s. ImmoTV.lu offers a comprehensive suite of real estate services to help you effectively showcase and market your properties in Luxembourg. Our range of services includes: Professional Photography Our experienced photographers capture the essence of your property with high-quality images that highlight its unique features and [...]","protected":false},"author":1,"featured_media":0,"parent":0,"menu_order":0,"comment_status":"closed","ping_status":"closed","template":"page_full-width-with-top-title.php","meta":{"_acf_changed":false,"footnotes":""},"class_list":["post-3699","page","type-page","status-publish","hentry"],"acf":[],"_links":{"self":[{"href":"https:\/\/immomeier.lu\/fr\/wp-json\/wp\/v2\/pages\/3699","targetHints":{"allow":["GET"]}}],"collection":[{"href":"https:\/\/immomeier.lu\/fr\/wp-json\/wp\/v2\/pages"}],"about":[{"href":"https:\/\/immomeier.lu\/fr\/wp-json\/wp\/v2\/types\/page"}],"author":[{"embeddable":true,"href":"https:\/\/immomeier.lu\/fr\/wp-json\/wp\/v2\/users\/1"}],"replies":[{"embeddable":true,"href":"https:\/\/immomeier.lu\/fr\/wp-json\/wp\/v2\/comments?post=3699"}],"version-history":[{"count":3,"href":"https:\/\/immomeier.lu\/fr\/wp-json\/wp\/v2\/pages\/3699\/revisions"}],"predecessor-version":[{"id":3703,"href":"https:\/\/immomeier.lu\/fr\/wp-json\/wp\/v2\/pages\/3699\/revisions\/3703"}],"wp:attachment":[{"href":"https:\/\/immomeier.lu\/fr\/wp-json\/wp\/v2\/media?parent=3699"}],"curies":[{"name":"wp","href":"https:\/\/api.w.org\/{rel}","templated":true}]}}