{"id":3141,"date":"2018-06-21T15:20:03","date_gmt":"2018-06-21T15:20:03","guid":{"rendered":"https:\/\/myhometheme.net\/default\/?page_id=3141"},"modified":"2025-05-25T19:54:35","modified_gmt":"2025-05-25T17:54:35","slug":"a-propos-de","status":"publish","type":"page","link":"https:\/\/immomeier.lu\/fr\/about\/","title":{"rendered":"A propos"},"content":{"rendered":"<div class=\"wpb-content-wrapper\"><div class=\"vc_row wpb_row vc_row-fluid vc_custom_1532197290482\"><div class=\"wpb_column vc_column_container vc_col-sm-12\"><div class=\"vc_column-inner vc_custom_1512407858131\"><div class=\"wpb_wrapper\"><div class=\"vc_row wpb_row vc_inner vc_row-fluid\"><div class=\"wpb_column vc_column_container vc_col-sm-4\"><div class=\"vc_column-inner\"><div class=\"wpb_wrapper\">\n\t<div  class=\"wpb_single_image wpb_content_element vc_align_left wpb_content_element vc_custom_1743513023595\">\n\t\t\n\t\t<figure class=\"wpb_wrapper vc_figure\">\n\t\t\t<div class=\"vc_single_image-wrapper   vc_box_border_grey\"><img decoding=\"async\" class=\"vc_single_image-img\" src=\"https:\/\/immomeier.lu\/wp-content\/uploads\/2025\/03\/WhatsApp-Image-2025-03-30-at-22.23.38-1-e1743593546522-660x742.jpeg\" width=\"660\" height=\"742\" alt=\"WhatsApp Image 2025-03-30 \u00e0 22.23.38\" title=\"WhatsApp Image 2025-03-30 \u00e0 22.23.38\" loading=\"lazy\" \/><\/div>\n\t\t<\/figure>\n\t<\/div>\n\n\t<div class=\"wpb_video_widget wpb_content_element vc_clearfix   vc_video-aspect-ratio-169 vc_video-el-width-100 vc_video-align-left\" >\n\t\t<div class=\"wpb_wrapper\">\n\t\t\t\n\t\t\t<div class=\"wpb_video_wrapper\"><div class=\"iframe-wrapper\"><iframe loading=\"lazy\" title=\"ImmoTV Promo 2023\" width=\"500\" height=\"281\" src=\"https:\/\/www.youtube.com\/embed\/HXdeQNCdLY0?feature=oembed\" frameborder=\"0\" allow=\"accelerometer; autoplay; clipboard-write; encrypted-media; gyroscope; picture-in-picture; web-share\" allowfullscreen><\/iframe><\/div><\/div>\n\t\t<\/div>\n\t<\/div>\n\t<div class=\"owl-carousel owl-carousel--visible-1  mh-testimonials--dark mh-testimonials--cloud-text owl-carousel--no-auto-play\">\r\n\t\t\t\t\t<div class=\"item\">\r\n\t\t\t\t<article class=\"mh-testimonial\">\r\n\t\t\t\t\t<div class=\"mh-testimonial__inner\">\r\n\t\t\t\t\t\t<blockquote class=\"mh-testimonial__text\">\r\n\t\t\t\t\t\t\t<p>Un grand merci \u00e0 mon agent immobilier d\u00e9vou\u00e9 !<\/p>\n<p>Merci beaucoup pour vos efforts dans la vente de mon appartement. Vous \u00e9tiez toujours disponible, vous m'avez donn\u00e9 des conseils d'expert et vous avez tout g\u00e9r\u00e9 en douceur gr\u00e2ce \u00e0 votre fiabilit\u00e9 et \u00e0 votre professionnalisme. Votre soutien m'a \u00e9t\u00e9 d'une grande aide.<\/p>\n<p>Je n'aurais pas pu souhaiter une meilleure assistance.<\/p>\n\t\t\t\t\t\t<\/blockquote>\r\n\t\t\t\t\t\t<div class=\"mh-testimonial__photo\">\r\n\t\t\t\t\t\t\t\t\t\t\t\t\t<\/div>\r\n\r\n\t\t\t\t\t\t\t\t\t\t\t\t\t<div class=\"mh-testimonial__author-info\">\r\n\t\t\t\t\t\t\t\t\t\t\t\t\t\t\t\t\t<h3 class=\"mh-testimonial__author\">\r\n\t\t\t\t\t\t\t\t\t\tMon appartement \u00e0 Nittel\t\t\t\t\t\t\t\t\t<\/h3>\r\n\t\t\t\t\t\t\t\t\r\n\t\t\t\t\t\t\t\t\t\t\t\t\t\t\t\t\t<div class=\"mh-testimonial__occupation\">\r\n\t\t\t\t\t\t\t\t\t\tBrigitte \t\t\t\t\t\t\t\t\t<\/div>\r\n\t\t\t\t\t\t\t\t\t\t\t\t\t\t\t<\/div>\r\n\t\t\t\t\t\t\t\t\t\t\t<\/div>\r\n\t\t\t\t<\/article>\r\n\t\t\t<\/div>\r\n\t\t\t<\/div>\r\n<\/div><\/div><\/div><div class=\"wpb_column vc_column_container vc_col-sm-8\"><div class=\"vc_column-inner\"><div class=\"wpb_wrapper\"><div class=\"mh-heading-wrapper--left\">\r\n\t\r\n        <div class=\"mh-heading-wrapper\">\r\n            <h2            class=\"mh-heading  mh-heading--bottom-separator\"\r\n            style=\"font-weight:700;\">\r\n\t\t\tPascale Meier        <\/h2>\r\n\r\n\t\t    <\/div>\r\n\r\n\t<\/div>\n\t<div class=\"wpb_text_column wpb_content_element mh-font-size-m\" >\n\t\t<div class=\"wpb_wrapper\">\n\t\t\t<p><b>Immobili\u00e8re Pascale Meier <\/b>est votre destination privil\u00e9gi\u00e9e pour les <strong>l'immobilier au Luxembourg et dans la r\u00e9gion frontali\u00e8re<\/strong>. Nous nous distinguons en offrant une large gamme de propri\u00e9t\u00e9s r\u00e9sidentielles et commerciales, avec <strong>photos, vid\u00e9os, visites virtuelles et vues a\u00e9riennes<\/strong>Vous disposez ainsi d'une vue d'ensemble de chaque annonce.<\/p>\n<p>Notre \u00e9quipe d\u00e9vou\u00e9e vous garantit une exp\u00e9rience simple et efficace, depuis votre <strong>de la recherche initiale d'un bien immobilier \u00e0 la conclusion de l'affaire,<\/strong>ce qui rend votre voyage immobilier au Luxembourg agr\u00e9able et sans souci.<\/p>\n\n\t\t<\/div>\n\t<\/div>\n\n\t<div class=\"wpb_text_column wpb_content_element\" >\n\t\t<div class=\"wpb_wrapper\">\n\t\t\t<p style=\"font-size: 21px;\"><strong>T\u00e9l :<\/strong> +352 621 322 488<br \/>\n<strong>Courriel<\/strong>: info@immomeier.lu<\/p>\n\n\t\t<\/div>\n\t<\/div>\n<div class=\"mh-heading-wrapper--left\">\r\n\t\r\n        <div class=\"mh-heading-wrapper\">\r\n            <h2            class=\"mh-heading  mh-heading--bottom-separator\"\r\n            style=\"font-weight:700;\">\r\n\t\t\tMe contacter        <\/h2>\r\n\r\n\t\t    <\/div>\r\n\r\n\t<\/div>\n<div class=\"wpcf7 no-js\" id=\"wpcf7-f1676-o1\" lang=\"en-US\" dir=\"ltr\" data-wpcf7-id=\"1676\">\n<div class=\"screen-reader-response\"><p role=\"status\" aria-live=\"polite\" aria-atomic=\"true\"><\/p> <ul><\/ul><\/div>\n<form action=\"\/fr\/wp-json\/wp\/v2\/pages\/3141#wpcf7-f1676-o1\" method=\"post\" class=\"wpcf7-form init\" aria-label=\"Formulaire de contact\" novalidate=\"novalidate\" data-status=\"init\" data-trp-original-action=\"\/fr\/wp-json\/wp\/v2\/pages\/3141#wpcf7-f1676-o1\">\n<fieldset class=\"hidden-fields-container\"><input type=\"hidden\" name=\"_wpcf7\" value=\"1676\" \/><input type=\"hidden\" name=\"_wpcf7_version\" value=\"6.1.5\" \/><input type=\"hidden\" name=\"_wpcf7_locale\" value=\"en_US\" \/><input type=\"hidden\" name=\"_wpcf7_unit_tag\" value=\"wpcf7-f1676-o1\" \/><input type=\"hidden\" name=\"_wpcf7_container_post\" value=\"0\" \/><input type=\"hidden\" name=\"_wpcf7_posted_data_hash\" value=\"\" \/>\n<\/fieldset>\n<p><label><span class=\"wpcf7-form-control-wrap\" data-name=\"your-name\"><input size=\"40\" maxlength=\"400\" class=\"wpcf7-form-control wpcf7-text wpcf7-validates-as-required\" aria-required=\"true\" aria-invalid=\"false\" placeholder=\"Votre nom*\" value=\"\" type=\"text\" name=\"your-name\" \/><\/span><\/label><label><span class=\"wpcf7-form-control-wrap\" data-name=\"your-email\"><input size=\"40\" maxlength=\"400\" class=\"wpcf7-form-control wpcf7-email wpcf7-validates-as-required wpcf7-text wpcf7-validates-as-email\" aria-required=\"true\" aria-invalid=\"false\" placeholder=\"Votre email*\" value=\"\" type=\"email\" name=\"your-email\" \/><\/span><\/label><label><span class=\"wpcf7-form-control-wrap\" data-name=\"your-subject\"><input size=\"40\" maxlength=\"400\" class=\"wpcf7-form-control wpcf7-text\" aria-invalid=\"false\" placeholder=\"Sujet\" value=\"\" type=\"text\" name=\"your-subject\" \/><\/span> <\/label><label><span class=\"wpcf7-form-control-wrap\" data-name=\"your-message\"><textarea cols=\"40\" rows=\"10\" maxlength=\"2000\" class=\"wpcf7-form-control wpcf7-textarea\" aria-invalid=\"false\" placeholder=\"Votre message\" name=\"your-message\"><\/textarea><\/span> <\/label><input class=\"wpcf7-form-control wpcf7-submit has-spinner\" type=\"submit\" value=\"Envoyer\" \/>\n<\/p><div class=\"wpcf7-response-output\" aria-hidden=\"true\"><\/div>\n<input type=\"hidden\" name=\"trp-form-language\" value=\"fr\"\/><\/form>\n<\/div>\n<\/div><\/div><\/div><\/div><\/div><\/div><\/div><\/div><div data-vc-full-width=\"true\" data-vc-full-width-temp=\"true\" data-vc-full-width-init=\"false\" data-vc-stretch-content=\"true\" class=\"vc_row wpb_row vc_row-fluid vc_custom_1532197537461 vc_row-has-fill vc_row-no-padding\"><div class=\"wpb_column vc_column_container vc_col-sm-12\"><div class=\"vc_column-inner\"><div class=\"wpb_wrapper\"><div class=\"wpb_gmaps_widget wpb_content_element vc_custom_1748014192015\"><div class=\"wpb_wrapper\"><div class=\"wpb_map_wraper\"><iframe src=\"https:\/\/www.google.com\/maps\/embed?pb=!1m16!1m12!1m3!1d39100.31803900355!2d6.281831340388387!3d49.66192689762924!2m3!1f0!2f0!3f0!3m2!1i1024!2i768!4f13.1!2m1!1s39a%2C%20rue%20Roodt-Syre%20L-6933%20Mensdorf!5e1!3m2!1sde!2slu!4v1748014175770!5m2!1sde!2slu\" width=\"600\" height=\"600\" style=\"border:0;\" allowfullscreen=\"\" loading=\"lazy\" referrerpolicy=\"no-referrer-when-downgrade\"><\/iframe><\/div><\/div><\/div><\/div><\/div><\/div><\/div><div class=\"vc_row-full-width vc_clearfix\"><\/div>\n<\/div>","protected":false},"excerpt":{"rendered":"Many thanks to my dedicated estate agent! Thank you very much for your great efforts in selling my flat. You were always available, gave me expert advice and handled everything smoothly with your reliable and professional manner. Your support was a great help to me. I couldn't have wished for better assistance.","protected":false},"author":1,"featured_media":0,"parent":0,"menu_order":0,"comment_status":"closed","ping_status":"closed","template":"page_full-width-with-top-title.php","meta":{"_acf_changed":false,"footnotes":""},"class_list":["post-3141","page","type-page","status-publish","hentry"],"acf":[],"_links":{"self":[{"href":"https:\/\/immomeier.lu\/fr\/wp-json\/wp\/v2\/pages\/3141","targetHints":{"allow":["GET"]}}],"collection":[{"href":"https:\/\/immomeier.lu\/fr\/wp-json\/wp\/v2\/pages"}],"about":[{"href":"https:\/\/immomeier.lu\/fr\/wp-json\/wp\/v2\/types\/page"}],"author":[{"embeddable":true,"href":"https:\/\/immomeier.lu\/fr\/wp-json\/wp\/v2\/users\/1"}],"replies":[{"embeddable":true,"href":"https:\/\/immomeier.lu\/fr\/wp-json\/wp\/v2\/comments?post=3141"}],"version-history":[{"count":15,"href":"https:\/\/immomeier.lu\/fr\/wp-json\/wp\/v2\/pages\/3141\/revisions"}],"predecessor-version":[{"id":5404,"href":"https:\/\/immomeier.lu\/fr\/wp-json\/wp\/v2\/pages\/3141\/revisions\/5404"}],"wp:attachment":[{"href":"https:\/\/immomeier.lu\/fr\/wp-json\/wp\/v2\/media?parent=3141"}],"curies":[{"name":"wp","href":"https:\/\/api.w.org\/{rel}","templated":true}]}}