{"id":2732,"date":"2018-06-16T17:33:04","date_gmt":"2018-06-16T17:33:04","guid":{"rendered":"https:\/\/myhometheme.net\/market\/?page_id=2732"},"modified":"2018-06-16T17:33:04","modified_gmt":"2018-06-16T17:33:04","slug":"evaluation-du-logement","status":"publish","type":"page","link":"https:\/\/immomeier.lu\/fr\/home-valuation\/","title":{"rendered":"\u00c9valuation du logement"},"content":{"rendered":"<div class=\"wpb-content-wrapper\"><div class=\"vc_row wpb_row vc_row-fluid\"><div class=\"wpb_column vc_column_container vc_col-sm-12\"><div class=\"vc_column-inner\"><div class=\"wpb_wrapper\"><\/div><\/div><\/div><\/div><div class=\"vc_row wpb_row vc_row-fluid\"><div class=\"wpb_column vc_column_container vc_col-sm-2\"><div class=\"vc_column-inner\"><div class=\"wpb_wrapper\"><\/div><\/div><\/div><div class=\"wpb_column vc_column_container vc_col-sm-8\"><div class=\"vc_column-inner\"><div class=\"wpb_wrapper\">\n\t<div class=\"wpb_text_column wpb_content_element\" >\n\t\t<div class=\"wpb_wrapper\">\n\t\t\t<div style=\"font-size: 21px;\">D\u00e9couvrez combien votre\u00a0<em>propri\u00e9t\u00e9<\/em>\u00a0vaut la peine ! Nous vous contacterons dans les 24 heures.<\/div>\n\n\t\t<\/div>\n\t<\/div>\n\n<div class=\"wpcf7 no-js\" id=\"wpcf7-f2694-o1\" lang=\"pl-PL\" dir=\"ltr\" data-wpcf7-id=\"2694\">\n<div class=\"screen-reader-response\"><p role=\"status\" aria-live=\"polite\" aria-atomic=\"true\"><\/p> <ul><\/ul><\/div>\n<form action=\"\/fr\/wp-json\/wp\/v2\/pages\/2732#wpcf7-f2694-o1\" method=\"post\" class=\"wpcf7-form init\" aria-label=\"Formulaire de contact\" novalidate=\"novalidate\" data-status=\"init\" data-trp-original-action=\"\/fr\/wp-json\/wp\/v2\/pages\/2732#wpcf7-f2694-o1\">\n<fieldset class=\"hidden-fields-container\"><input type=\"hidden\" name=\"_wpcf7\" value=\"2694\" \/><input type=\"hidden\" name=\"_wpcf7_version\" value=\"6.1.5\" \/><input type=\"hidden\" name=\"_wpcf7_locale\" value=\"pl_PL\" \/><input type=\"hidden\" name=\"_wpcf7_unit_tag\" value=\"wpcf7-f2694-o1\" \/><input type=\"hidden\" name=\"_wpcf7_container_post\" value=\"0\" \/><input type=\"hidden\" name=\"_wpcf7_posted_data_hash\" value=\"\" \/>\n<\/fieldset>\n<div class=\"mh-contact-form-style-2\">\n\t<p><label>Adresse<\/label><span class=\"wpcf7-form-control-wrap\" data-name=\"address\"><input size=\"40\" maxlength=\"400\" class=\"wpcf7-form-control wpcf7-text\" aria-invalid=\"false\" value=\"\" type=\"text\" name=\"address\" \/><\/span>\n\t<\/p>\n\t<p><label>Ville<\/label><span class=\"wpcf7-form-control-wrap\" data-name=\"city\"><input size=\"40\" maxlength=\"400\" class=\"wpcf7-form-control wpcf7-text\" aria-invalid=\"false\" value=\"\" type=\"text\" name=\"city\" \/><\/span>\n\t<\/p>\n\t<p><label>\u00c9tat<\/label><span class=\"wpcf7-form-control-wrap\" data-name=\"state\"><input size=\"40\" maxlength=\"400\" class=\"wpcf7-form-control wpcf7-text\" aria-invalid=\"false\" value=\"\" type=\"text\" name=\"state\" \/><\/span>\n\t<\/p>\n\t<p><label>Code postal<\/label><span class=\"wpcf7-form-control-wrap\" data-name=\"zipcode\"><input size=\"40\" maxlength=\"400\" class=\"wpcf7-form-control wpcf7-text\" aria-invalid=\"false\" value=\"\" type=\"text\" name=\"zipcode\" \/><\/span>\n\t<\/p>\n\t<p><label>Type de propri\u00e9t\u00e9<\/label><span class=\"wpcf7-form-control-wrap\" data-name=\"menu-8\"><select class=\"wpcf7-form-control wpcf7-select wpcf7-validates-as-required\" aria-required=\"true\" aria-invalid=\"false\" name=\"menu-8\"><option value=\"Apartment\">Appartement<\/option><option value=\"House\">Maison<\/option><option value=\"Loft\">Loft<\/option><\/select><\/span>\n\t<\/p>\n\t<p><label>\u00c9tat des biens<\/label><span class=\"wpcf7-form-control-wrap\" data-name=\"radio-160\"><span class=\"wpcf7-form-control wpcf7-radio\"><span class=\"wpcf7-list-item first\"><input type=\"radio\" name=\"radio-160\" value=\"Good\" \/><span class=\"wpcf7-list-item-label\">Bon<\/span><\/span><span class=\"wpcf7-list-item\"><input type=\"radio\" name=\"radio-160\" value=\"Excellent\" \/><span class=\"wpcf7-list-item-label\">Excellent<\/span><\/span><span class=\"wpcf7-list-item\"><input type=\"radio\" name=\"radio-160\" value=\"Fair\" \/><span class=\"wpcf7-list-item-label\">Juste<\/span><\/span><span class=\"wpcf7-list-item\"><input type=\"radio\" name=\"radio-160\" value=\"Needs work\" \/><span class=\"wpcf7-list-item-label\">Besoin de travail<\/span><\/span><span class=\"wpcf7-list-item last\"><input type=\"radio\" name=\"radio-160\" value=\"Poor\" \/><span class=\"wpcf7-list-item-label\">Pauvre<\/span><\/span><\/span><\/span>\n\t<\/p>\n\t<p><label>Chambres<\/label><span class=\"wpcf7-form-control-wrap\" data-name=\"radio-161\"><span class=\"wpcf7-form-control wpcf7-radio\"><span class=\"wpcf7-list-item first\"><input type=\"radio\" name=\"radio-161\" value=\"1\" checked=\"checked\" \/><span class=\"wpcf7-list-item-label\">1<\/span><\/span><span class=\"wpcf7-list-item\"><input type=\"radio\" name=\"radio-161\" value=\"2\" \/><span class=\"wpcf7-list-item-label\">2<\/span><\/span><span class=\"wpcf7-list-item\"><input type=\"radio\" name=\"radio-161\" value=\"3\" \/><span class=\"wpcf7-list-item-label\">3<\/span><\/span><span class=\"wpcf7-list-item\"><input type=\"radio\" name=\"radio-161\" value=\"4\" \/><span class=\"wpcf7-list-item-label\">4<\/span><\/span><span class=\"wpcf7-list-item last\"><input type=\"radio\" name=\"radio-161\" value=\"5+\" \/><span class=\"wpcf7-list-item-label\">5+<\/span><\/span><\/span><\/span>\n\t<\/p>\n\t<p><label>Salles de bains<\/label><span class=\"wpcf7-form-control-wrap\" data-name=\"radio-162\"><span class=\"wpcf7-form-control wpcf7-radio\"><span class=\"wpcf7-list-item first\"><input type=\"radio\" name=\"radio-162\" value=\"1\" checked=\"checked\" \/><span class=\"wpcf7-list-item-label\">1<\/span><\/span><span class=\"wpcf7-list-item\"><input type=\"radio\" name=\"radio-162\" value=\"2\" \/><span class=\"wpcf7-list-item-label\">2<\/span><\/span><span class=\"wpcf7-list-item\"><input type=\"radio\" name=\"radio-162\" value=\"3\" \/><span class=\"wpcf7-list-item-label\">3<\/span><\/span><span class=\"wpcf7-list-item\"><input type=\"radio\" name=\"radio-162\" value=\"4\" \/><span class=\"wpcf7-list-item-label\">4<\/span><\/span><span class=\"wpcf7-list-item last\"><input type=\"radio\" name=\"radio-162\" value=\"5+\" \/><span class=\"wpcf7-list-item-label\">5+<\/span><\/span><\/span><\/span>\n\t<\/p>\n\t<p><label>Pi\u00e8ces\/caract\u00e9ristiques suppl\u00e9mentaires<\/label><span class=\"wpcf7-form-control-wrap\" data-name=\"textarea-67\"><textarea cols=\"40\" rows=\"10\" maxlength=\"2000\" class=\"wpcf7-form-control wpcf7-textarea\" aria-invalid=\"false\" placeholder=\"Veuillez \u00e9num\u00e9rer les pi\u00e8ces suppl\u00e9mentaires et d\u00e9crire les caract\u00e9ristiques sp\u00e9ciales et les am\u00e9liorations r\u00e9centes. Par exemple : nouvelle moquette, propri\u00e9t\u00e9 \u00e0 proximit\u00e9 d&#039;un parc, etc.\" name=\"textarea-67\"><\/textarea><\/span>\n\t<\/p>\n\t<p><label>Taille approximative (pieds carr\u00e9s)<\/label><span class=\"wpcf7-form-control-wrap\" data-name=\"approx-size\"><input size=\"40\" maxlength=\"400\" class=\"wpcf7-form-control wpcf7-text\" aria-invalid=\"false\" value=\"\" type=\"text\" name=\"approx-size\" \/><\/span>\n\t<\/p>\n\t<p><label>\u00c2ge approximatif de la cuisine (ann\u00e9es)<\/label><span class=\"wpcf7-form-control-wrap\" data-name=\"approx-agekitchen\"><input size=\"40\" maxlength=\"400\" class=\"wpcf7-form-control wpcf7-text\" aria-invalid=\"false\" value=\"\" type=\"text\" name=\"approx-agekitchen\" \/><\/span>\n\t<\/p>\n\t<p><label>\u00c2ge approximatif des bains (ann\u00e9es)<\/label><span class=\"wpcf7-form-control-wrap\" data-name=\"approx-agebaths\"><input size=\"40\" maxlength=\"400\" class=\"wpcf7-form-control wpcf7-text\" aria-invalid=\"false\" value=\"\" type=\"text\" name=\"approx-agebaths\" \/><\/span>\n\t<\/p>\n\t<h2>Informations personnelles\n\t<\/h2>\n\t<p><label>Nom*<\/label><span class=\"wpcf7-form-control-wrap\" data-name=\"your-name\"><input size=\"40\" maxlength=\"400\" class=\"wpcf7-form-control wpcf7-text wpcf7-validates-as-required\" aria-required=\"true\" aria-invalid=\"false\" value=\"\" type=\"text\" name=\"your-name\" \/><\/span>\n\t<\/p>\n\t<p><label>Email* (obligatoire)<\/label><span class=\"wpcf7-form-control-wrap\" data-name=\"your-email\"><input size=\"40\" maxlength=\"400\" class=\"wpcf7-form-control wpcf7-email wpcf7-validates-as-required wpcf7-text wpcf7-validates-as-email\" aria-required=\"true\" aria-invalid=\"false\" value=\"\" type=\"email\" name=\"your-email\" \/><\/span>\n\t<\/p>\n\t<p><label>T\u00e9l\u00e9phone* (obligatoire)<\/label><span class=\"wpcf7-form-control-wrap\" data-name=\"tel-230\"><input size=\"40\" maxlength=\"400\" class=\"wpcf7-form-control wpcf7-tel wpcf7-validates-as-required wpcf7-text wpcf7-validates-as-tel\" aria-required=\"true\" aria-invalid=\"false\" value=\"\" type=\"tel\" name=\"tel-230\" \/><\/span>\n\t<\/p>\n\t<p><label>S\u00e9lectionnez un service* (obligatoire)<\/label><span class=\"wpcf7-form-control-wrap\" data-name=\"radio-761\"><span class=\"wpcf7-form-control wpcf7-radio\"><span class=\"wpcf7-list-item first\"><input type=\"radio\" name=\"radio-761\" value=\"Sale\" checked=\"checked\" \/><span class=\"wpcf7-list-item-label\">Vente<\/span><\/span><span class=\"wpcf7-list-item\"><input type=\"radio\" name=\"radio-761\" value=\"Rent\" \/><span class=\"wpcf7-list-item-label\">Loyer<\/span><\/span><span class=\"wpcf7-list-item last\"><input type=\"radio\" name=\"radio-761\" value=\"Either\" \/><span class=\"wpcf7-list-item-label\">Soit<\/span><\/span><\/span><\/span>\n\t<\/p>\n\t<p><label>Sujet<\/label><span class=\"wpcf7-form-control-wrap\" data-name=\"your-subject\"><input size=\"40\" maxlength=\"400\" class=\"wpcf7-form-control wpcf7-text\" aria-invalid=\"false\" value=\"\" type=\"text\" name=\"your-subject\" \/><\/span>\n\t<\/p>\n\t<p><label>Commentaires<\/label><span class=\"wpcf7-form-control-wrap\" data-name=\"your-message\"><textarea cols=\"40\" rows=\"10\" maxlength=\"2000\" class=\"wpcf7-form-control wpcf7-textarea\" aria-invalid=\"false\" name=\"your-message\"><\/textarea><\/span>\n\t<\/p>\n\t<p><input class=\"wpcf7-form-control wpcf7-submit has-spinner\" type=\"submit\" value=\"Envoyer la demande\" \/>\n\t<\/p>\n<\/div><div class=\"wpcf7-response-output\" aria-hidden=\"true\"><\/div>\n<input type=\"hidden\" name=\"trp-form-language\" value=\"fr\"\/><\/form>\n<\/div>\n<\/div><\/div><\/div><div class=\"wpb_column vc_column_container vc_col-sm-2\"><div class=\"vc_column-inner\"><div class=\"wpb_wrapper\"><\/div><\/div><\/div><\/div>\n<\/div>","protected":false},"excerpt":{"rendered":"D\u00e9couvrez la valeur de votre bien immobilier ! Nous vous contacterons dans les 24 heures. Adresse Ville \u00c9tat Code postal Type de propri\u00e9t\u00e9AppartementMaisonLoft \u00c9tat de la propri\u00e9t\u00e9BonExcellentMoyenN\u00e9cessite des travauxMauvais Chambres12345+ Salles de bain12345+ Pi\u00e8ces\/caract\u00e9ristiques suppl\u00e9mentaires Taille approximative (pieds carr\u00e9s) \u00c2ge approximatif de la cuisine (ann\u00e9es) \u00c2ge approximatif des salles de bain (ann\u00e9es) Informations personnelles Nom* Courriel* (obligatoire) T\u00e9l\u00e9phone* (obligatoire) S\u00e9lectionnez un service* (obligatoire)VenteLocationAutre sujet Commentaires","protected":false},"author":1,"featured_media":0,"parent":0,"menu_order":0,"comment_status":"closed","ping_status":"closed","template":"page_full-width-with-top-title.php","meta":{"_acf_changed":false,"footnotes":""},"class_list":["post-2732","page","type-page","status-publish","hentry"],"acf":[],"_links":{"self":[{"href":"https:\/\/immomeier.lu\/fr\/wp-json\/wp\/v2\/pages\/2732","targetHints":{"allow":["GET"]}}],"collection":[{"href":"https:\/\/immomeier.lu\/fr\/wp-json\/wp\/v2\/pages"}],"about":[{"href":"https:\/\/immomeier.lu\/fr\/wp-json\/wp\/v2\/types\/page"}],"author":[{"embeddable":true,"href":"https:\/\/immomeier.lu\/fr\/wp-json\/wp\/v2\/users\/1"}],"replies":[{"embeddable":true,"href":"https:\/\/immomeier.lu\/fr\/wp-json\/wp\/v2\/comments?post=2732"}],"version-history":[{"count":0,"href":"https:\/\/immomeier.lu\/fr\/wp-json\/wp\/v2\/pages\/2732\/revisions"}],"wp:attachment":[{"href":"https:\/\/immomeier.lu\/fr\/wp-json\/wp\/v2\/media?parent=2732"}],"curies":[{"name":"wp","href":"https:\/\/api.w.org\/{rel}","templated":true}]}}