{"id":5025,"date":"2025-09-04T20:01:35","date_gmt":"2025-09-04T18:01:35","guid":{"rendered":"https:\/\/immomeier.lu\/?page_id=5025"},"modified":"2025-09-04T20:14:43","modified_gmt":"2025-09-04T18:14:43","slug":"datenschutzbestimmungen","status":"publish","type":"page","link":"https:\/\/immomeier.lu\/de\/privacy-policy\/","title":{"rendered":"Datenschutzbestimmungen"},"content":{"rendered":"<div class=\"wpb-content-wrapper\"><div class=\"vc_row wpb_row vc_row-fluid\"><div class=\"wpb_column vc_column_container vc_col-sm-12\"><div class=\"vc_column-inner\"><div class=\"wpb_wrapper\">\n\t<div class=\"wpb_text_column wpb_content_element\" >\n\t\t<div class=\"wpb_wrapper\">\n\t\t\t<p><strong>1. Controller<\/strong><br \/>Immobili\u00e8re Pascale Meier S.\u00e0 r.l.<br \/>39a, Rue Roodt-Syre<br \/>L-6933 Mensdorf, Luxemburg<br \/>Telefon: +352 621 322 488<br \/>E-Mail: info@immomeier.lu<\/p>\n<p><strong>2. Daten, die wir sammeln<\/strong><br \/>Automatisch erfasste Daten: IP-Adresse, Browser-Typ, Zugriffszeiten, besuchte Seiten (Server-Logs, Cookies).<\/p>\n<p>Daten, die Sie bereitstellen: Name, Telefonnummer, E-Mail-Adresse und alle Informationen, die Sie freiwillig \u00fcbermitteln (z. B. \u00fcber Kontaktformulare).<\/p>\n<p><strong>3. Ziele und Rechtsgrundlage<\/strong><br \/>Beantwortung von Anfragen und Durchf\u00fchrung vorvertraglicher Ma\u00dfnahmen (Art. 6(1)(b) GDPR).<br \/>Optimierung und Sicherheit der Website (Art. 6(1)(f) GDPR, berechtigtes Interesse).<br \/>Marketing oder Newsletter nur mit Ihrer ausdr\u00fccklichen Zustimmung (Art. 6(1)(a) GDPR).<\/p>\n<p><strong>4. Cookies und Tracking<\/strong><br \/>Wesentliche Cookies: F\u00fcr die Funktionalit\u00e4t der Website erforderlich, keine Zustimmung erforderlich.<br \/>Optionale Cookies (z.B. Analytik\/Marketing): Werden nur mit ausdr\u00fccklicher Zustimmung gesetzt, die jederzeit widerrufen werden kann.<\/p>\n<p><strong>5. Aufbewahrungsfrist<\/strong><br \/>Wir speichern personenbezogene Daten nur so lange, wie es f\u00fcr die genannten Zwecke erforderlich ist oder wie es das Gesetz verlangt.<\/p>\n<p><strong>6. Offenlegung gegen\u00fcber Dritten<\/strong><br \/>Dienstleistungsanbieter (z. B. Hosting): D\u00fcrfen im Rahmen einer Datenverarbeitungsvereinbarung auf Daten zugreifen.<br \/>Autorit\u00e4ten: Daten werden nur weitergegeben, wenn dies gesetzlich vorgeschrieben ist.<\/p>\n<p><strong>7. Internationale Daten\u00fcbermittlung<\/strong><br \/>Bei der \u00dcbermittlung von Daten au\u00dferhalb des Europ\u00e4ischen Wirtschaftsraums werden geeignete Sicherheitsvorkehrungen wie die EU-Standardvertragsklauseln getroffen.<\/p>\n<p><strong>8. Deine Rechte<\/strong><br \/>Zugang zu Ihren Daten<br \/>Korrigieren Sie ungenaue Daten<br \/>Antrag auf L\u00f6schung (\"Recht auf Vergessenwerden\")<br \/>Verarbeitung einschr\u00e4nken<br \/>Widerspruch gegen bestimmte Verarbeitungen<br \/>\u00dcbertragbarkeit von Daten<br \/>Sie k\u00f6nnen Ihre Zustimmung jederzeit widerrufen, ohne dass die Verarbeitung beeintr\u00e4chtigt wird.<br \/>eine Beschwerde bei der luxemburgischen CNPD (Commission Nationale pour la Protection des Donn\u00e9es), 15 Boulevard du Jazz, L-4370 Belvaux, Luxemburg, einzureichen<\/p>\n<p><strong>9. Datensicherheit<\/strong><br \/>Wir setzen technische und organisatorische Ma\u00dfnahmen (z. B. SSL-Verschl\u00fcsselung, Zugangsbeschr\u00e4nkung) ein, um Ihre Daten vor unberechtigtem Zugriff, Verlust oder Missbrauch zu sch\u00fctzen.<\/p>\n<p><strong>10. \u00c4nderungen an dieser Politik<\/strong><br \/>Wir k\u00f6nnen diese Datenschutzrichtlinie bei Bedarf aktualisieren. Aktualisierungen werden auf dieser Website ver\u00f6ffentlicht.<\/p>\n\n\t\t<\/div>\n\t<\/div>\n<\/div><\/div><\/div><\/div>\n<\/div>","protected":false},"excerpt":{"rendered":"1. ControllerImmobili\u00e8re Pascale Meier S.\u00e0 r.l.39a, rue Roodt-SyreL-6933 Mensdorf, LuxembourgPhone: +352 621 322 488E-Mail: info@immomeier.lu 2. Data We CollectAutomatically collected data: IP address, browser type, access times, visited pages (server logs, cookies). Data you provide: Name, phone number, E-Mail address, and any information you voluntarily submit (e.g., via contact forms). 3. Purposes and Legal BasisResponding [...]","protected":false},"author":1,"featured_media":0,"parent":0,"menu_order":0,"comment_status":"closed","ping_status":"closed","template":"page_right-sidebar-with-top-title.php","meta":{"_acf_changed":false,"footnotes":""},"class_list":["post-5025","page","type-page","status-publish","hentry"],"acf":[],"_links":{"self":[{"href":"https:\/\/immomeier.lu\/de\/wp-json\/wp\/v2\/pages\/5025","targetHints":{"allow":["GET"]}}],"collection":[{"href":"https:\/\/immomeier.lu\/de\/wp-json\/wp\/v2\/pages"}],"about":[{"href":"https:\/\/immomeier.lu\/de\/wp-json\/wp\/v2\/types\/page"}],"author":[{"embeddable":true,"href":"https:\/\/immomeier.lu\/de\/wp-json\/wp\/v2\/users\/1"}],"replies":[{"embeddable":true,"href":"https:\/\/immomeier.lu\/de\/wp-json\/wp\/v2\/comments?post=5025"}],"version-history":[{"count":2,"href":"https:\/\/immomeier.lu\/de\/wp-json\/wp\/v2\/pages\/5025\/revisions"}],"predecessor-version":[{"id":5027,"href":"https:\/\/immomeier.lu\/de\/wp-json\/wp\/v2\/pages\/5025\/revisions\/5027"}],"wp:attachment":[{"href":"https:\/\/immomeier.lu\/de\/wp-json\/wp\/v2\/media?parent=5025"}],"curies":[{"name":"wp","href":"https:\/\/api.w.org\/{rel}","templated":true}]}}