{"id":5021,"date":"2025-09-04T19:44:59","date_gmt":"2025-09-04T17:44:59","guid":{"rendered":"https:\/\/immomeier.lu\/?page_id=5021"},"modified":"2025-09-04T20:15:53","modified_gmt":"2025-09-04T18:15:53","slug":"rechtshinweis","status":"publish","type":"page","link":"https:\/\/immomeier.lu\/de\/legal-notice\/","title":{"rendered":"Impressum"},"content":{"rendered":"<div class=\"wpb-content-wrapper\"><div class=\"vc_row wpb_row vc_row-fluid\"><div class=\"wpb_column vc_column_container vc_col-sm-12\"><div class=\"vc_column-inner\"><div class=\"wpb_wrapper\">\n\t<div class=\"wpb_text_column wpb_content_element\" >\n\t\t<div class=\"wpb_wrapper\">\n\t\t\t<p>Verantwortlich im Sinne von Art. 5 der E-Commerce-Richtlinie und dem luxemburgischen Gesetz \u00fcber den elektronischen Gesch\u00e4ftsverkehr:<\/p>\n<p><strong>Immobili\u00e8re Pascale Meier S.\u00e0 r.l.<\/strong><br \/>\n39a, Rue Roodt-Syre<br \/>\nL-6933 Mensdorf, Luxemburg<\/p>\n<p>Telefon: +352 621 322 488<br \/>\nE-Mail: info@immomeier.lu<\/p>\n<p><strong>Vertreten durch:<\/strong><br \/>\nPascale Meier<br \/>\nRCS : B295860<br \/>\nUMSATZSTEUER-ID: LU36543400<\/p>\n<p><strong>Aufsichtsbeh\u00f6rde:<\/strong><br \/>\nKommission zur \u00dcberwachung des Finanzsektors (CSSF)<br \/>\n283, route d'Arlon<br \/>\nL-2991 Luxemburg<\/p>\n<p><strong>Berufsbezeichnung:<\/strong><br \/>\nImmobilienmakler (erteilt in Luxemburg)<\/p>\n<p><strong>Geltende berufsrechtliche Vorschriften:<\/strong><br \/>\nDie T\u00e4tigkeit unterliegt dem luxemburgischen Recht, insbesondere den gesetzlichen Bestimmungen f\u00fcr Immobilienmakler.<\/p>\n<p><strong>Haftungsausschluss:<\/strong><br \/>\nDie Inhalte dieser Website werden mit gr\u00f6\u00dftm\u00f6glicher Sorgfalt erstellt. F\u00fcr die Richtigkeit, Vollst\u00e4ndigkeit und Aktualit\u00e4t der Inhalte k\u00f6nnen wir jedoch keine Gew\u00e4hr \u00fcbernehmen.<\/p>\n<p><strong>Copyright:<\/strong><br \/>\nAlle Inhalte und Werke auf dieser Website sind urheberrechtlich gesch\u00fctzt. Jede Vervielf\u00e4ltigung oder Verbreitung ohne vorherige schriftliche Zustimmung ist untersagt.<\/p>\n\n\t\t<\/div>\n\t<\/div>\n<\/div><\/div><\/div><\/div>\n<\/div>","protected":false},"excerpt":{"rendered":"Responsible according to Art. 5 of the E-Commerce Directive and Luxembourg law on electronic commerce: Immobili\u00e8re Pascale Meier S.\u00e0 r.l. 39a, rue Roodt-Syre L-6933 Mensdorf, Luxembourg Phone: +352 621 322 488 E-Mail: info@immomeier.lu Represented by: Pascale Meier RCS : B295860 VAT ID: LU36543400 Supervisory authority: Commission de Surveillance du Secteur Financier (CSSF) 283, route d\u2019Arlon [...]","protected":false},"author":1,"featured_media":0,"parent":0,"menu_order":0,"comment_status":"closed","ping_status":"closed","template":"page_right-sidebar-with-top-title.php","meta":{"_acf_changed":false,"footnotes":""},"class_list":["post-5021","page","type-page","status-publish","hentry"],"acf":[],"_links":{"self":[{"href":"https:\/\/immomeier.lu\/de\/wp-json\/wp\/v2\/pages\/5021","targetHints":{"allow":["GET"]}}],"collection":[{"href":"https:\/\/immomeier.lu\/de\/wp-json\/wp\/v2\/pages"}],"about":[{"href":"https:\/\/immomeier.lu\/de\/wp-json\/wp\/v2\/types\/page"}],"author":[{"embeddable":true,"href":"https:\/\/immomeier.lu\/de\/wp-json\/wp\/v2\/users\/1"}],"replies":[{"embeddable":true,"href":"https:\/\/immomeier.lu\/de\/wp-json\/wp\/v2\/comments?post=5021"}],"version-history":[{"count":4,"href":"https:\/\/immomeier.lu\/de\/wp-json\/wp\/v2\/pages\/5021\/revisions"}],"predecessor-version":[{"id":5028,"href":"https:\/\/immomeier.lu\/de\/wp-json\/wp\/v2\/pages\/5021\/revisions\/5028"}],"wp:attachment":[{"href":"https:\/\/immomeier.lu\/de\/wp-json\/wp\/v2\/media?parent=5021"}],"curies":[{"name":"wp","href":"https:\/\/api.w.org\/{rel}","templated":true}]}}