{"id":3699,"date":"2023-10-27T23:02:41","date_gmt":"2023-10-27T21:02:41","guid":{"rendered":"https:\/\/immoportal.lu\/?page_id=3699"},"modified":"2023-10-27T23:30:27","modified_gmt":"2023-10-27T21:30:27","slug":"dienstleistungen","status":"publish","type":"page","link":"https:\/\/immomeier.lu\/de\/services\/","title":{"rendered":"Dienstleistungen"},"content":{"rendered":"<div class=\"wpb-content-wrapper\"><div class=\"vc_row wpb_row vc_row-fluid\"><div class=\"wpb_column vc_column_container vc_col-sm-12\"><div class=\"vc_column-inner\"><div class=\"wpb_wrapper\"><div class=\"\">\r\n\t\r\n        <div class=\"mh-heading-wrapper\">\r\n            <h2            class=\"mh-heading  mh-heading--bottom-separator\"\r\n            style=\"font-weight:700;\">\r\n\t\t\tImmoPortal ist ein Dienst von ImmoTV.lu        <\/h2>\r\n\r\n\t\t            <div class=\"mh-subheading\"\r\n                 style=\"\">\r\n\t\t\t\tunterst\u00fctzt von eConcept s.\u00e0r.l.-s.            <\/div>\r\n\t\t    <\/div>\r\n\r\n\t<\/div>\n\t<div class=\"wpb_text_column wpb_content_element\" >\n\t\t<div class=\"wpb_wrapper\">\n\t\t\t<p>ImmoTV.lu bietet ein umfassendes Angebot an Immobiliendienstleistungen, die Ihnen helfen, Ihre Immobilien in Luxemburg effektiv zu pr\u00e4sentieren und zu vermarkten. Unser Angebot an Dienstleistungen umfasst:<\/p>\n\n\t\t<\/div>\n\t<\/div>\n<\/div><\/div><\/div><\/div><div class=\"vc_row wpb_row vc_row-fluid\"><div class=\"wpb_column vc_column_container vc_col-sm-12\"><div class=\"vc_column-inner\"><div class=\"wpb_wrapper\"><div class=\"vc_tta-container\" data-vc-action=\"collapse\"><div class=\"vc_general vc_tta vc_tta-accordion vc_tta-color-grey vc_tta-style-classic vc_tta-shape-rounded vc_tta-o-shape-group vc_tta-controls-align-default\"><div class=\"vc_tta-panels-container\"><div class=\"vc_tta-panels\"><div class=\"vc_tta-panel vc_active\" id=\"1698441452737-cde1e6c3-5b0a\" data-vc-content=\".vc_tta-panel-body\"><div class=\"vc_tta-panel-heading\"><h4 class=\"vc_tta-panel-title vc_tta-controls-icon-position-left\"><a href=\"#1698441452737-cde1e6c3-5b0a\" data-vc-accordion data-vc-container=\".vc_tta-container\"><span class=\"vc_tta-title-text\">Professionelle Fotografie<\/span><i class=\"vc_tta-controls-icon vc_tta-controls-icon-plus\"><\/i><\/a><\/h4><\/div><div class=\"vc_tta-panel-body\"><div class=\"aio-icon-component    style_1\"><div id=\"Info-box-wrap-5327\" class=\"aio-icon-box default-icon\" style=\"\"  ><div class=\"aio-icon-default\"><div class=\"ult-just-icon-wrapper\"><div class=\"align-icon\" style=\"text-align:center;\">\n<div class=\"aio-icon none\"  style=\"color:#333;font-size:32px;display:inline-block;\">\n\t<i class=\"Defaults-camera\"><\/i>\n<\/div><\/div><\/div><\/div><div class=\"aio-icon-description ult-responsive\"  data-ultimate-target='#Info-box-wrap-5327 .aio-icon-description'  data-responsive-json-new='{\"font-size\":\"\",\"line-height\":\"\"}'  style=\"\">Unsere erfahrenen Fotografen fangen die Essenz Ihrer Immobilie mit hochwertigen Bildern ein, die ihre einzigartigen Merkmale und ihren Charme hervorheben. Wir wissen, dass ein Bild mehr sagt als tausend Worte, und wir sorgen daf\u00fcr, dass Ihre Immobilie potenziellen K\u00e4ufern B\u00e4nde spricht.<\/div> <!-- description --><\/div> <!-- aio-icon-box --><\/div> <!-- aio-icon-component --><\/div><\/div><div class=\"vc_tta-panel\" id=\"1698441452737-5432b256-1994\" data-vc-content=\".vc_tta-panel-body\"><div class=\"vc_tta-panel-heading\"><h4 class=\"vc_tta-panel-title vc_tta-controls-icon-position-left\"><a href=\"#1698441452737-5432b256-1994\" data-vc-accordion data-vc-container=\".vc_tta-container\"><span class=\"vc_tta-title-text\">Video-Pr\u00e4sentationen<\/span><i class=\"vc_tta-controls-icon vc_tta-controls-icon-plus\"><\/i><\/a><\/h4><\/div><div class=\"vc_tta-panel-body\"><div class=\"aio-icon-component    style_1\"><div id=\"Info-box-wrap-6417\" class=\"aio-icon-box default-icon\" style=\"\"  ><\/div> <!-- aio-icon-box --><\/div> <!-- aio-icon-component --><div class=\"aio-icon-component    style_1\"><div id=\"Info-box-wrap-6110\" class=\"aio-icon-box default-icon\" style=\"\"  ><div class=\"aio-icon-default\"><div class=\"ult-just-icon-wrapper\"><div class=\"align-icon\" style=\"text-align:center;\">\n<div class=\"aio-icon none\"  style=\"color:#333;font-size:32px;display:inline-block;\">\n\t<i class=\"Defaults-video-camera\"><\/i>\n<\/div><\/div><\/div><\/div><div class=\"aio-icon-description ult-responsive\"  data-ultimate-target='#Info-box-wrap-6110 .aio-icon-description'  data-responsive-json-new='{\"font-size\":\"\",\"line-height\":\"\"}'  style=\"\">Unser Team erstellt fesselnde Videopr\u00e4sentationen, die einen dynamischen und eindrucksvollen Eindruck von Ihrer Immobilie vermitteln. Durch diese Videos helfen wir potenziellen K\u00e4ufern, sich ihr zuk\u00fcnftiges Zuhause vorzustellen, was Ihrem Angebot einen deutlichen Vorteil verschafft.<\/div> <!-- description --><\/div> <!-- aio-icon-box --><\/div> <!-- aio-icon-component --><\/div><\/div><div class=\"vc_tta-panel\" id=\"1698441634097-f192db57-f69b\" data-vc-content=\".vc_tta-panel-body\"><div class=\"vc_tta-panel-heading\"><h4 class=\"vc_tta-panel-title vc_tta-controls-icon-position-left\"><a href=\"#1698441634097-f192db57-f69b\" data-vc-accordion data-vc-container=\".vc_tta-container\"><span class=\"vc_tta-title-text\">Virtuelle Rundg\u00e4nge<\/span><i class=\"vc_tta-controls-icon vc_tta-controls-icon-plus\"><\/i><\/a><\/h4><\/div><div class=\"vc_tta-panel-body\"><div class=\"aio-icon-component    style_1\"><div id=\"Info-box-wrap-1915\" class=\"aio-icon-box default-icon\" style=\"\"  ><div class=\"aio-icon-default\"><div class=\"ult-just-icon-wrapper\"><div class=\"align-icon\" style=\"text-align:center;\">\n<div class=\"aio-icon none\"  style=\"color:#333;font-size:32px;display:inline-block;\">\n\t<i class=\"Defaults-spinner\"><\/i>\n<\/div><\/div><\/div><\/div><div class=\"aio-icon-description ult-responsive\"  data-ultimate-target='#Info-box-wrap-1915 .aio-icon-description'  data-responsive-json-new='{\"font-size\":\"\",\"line-height\":\"\"}'  style=\"\">Die virtuellen Rundg\u00e4nge von ImmoTV bieten eine 360-Grad-Ansicht Ihrer Immobilie, so dass potenzielle K\u00e4ufer jeden Winkel bequem von ihrem Bildschirm aus erkunden k\u00f6nnen. Diese interaktive Erfahrung vermittelt ihnen ein echtes Gef\u00fchl f\u00fcr den Raum und die Aufteilung.<\/div> <!-- description --><\/div> <!-- aio-icon-box --><\/div> <!-- aio-icon-component --><\/div><\/div><div class=\"vc_tta-panel\" id=\"1698441637301-f3b8ee2f-9ee0\" data-vc-content=\".vc_tta-panel-body\"><div class=\"vc_tta-panel-heading\"><h4 class=\"vc_tta-panel-title vc_tta-controls-icon-position-left\"><a href=\"#1698441637301-f3b8ee2f-9ee0\" data-vc-accordion data-vc-container=\".vc_tta-container\"><span class=\"vc_tta-title-text\">Auflistung auf Immobilienportalen<\/span><i class=\"vc_tta-controls-icon vc_tta-controls-icon-plus\"><\/i><\/a><\/h4><\/div><div class=\"vc_tta-panel-body\"><div class=\"aio-icon-component    style_1\"><div id=\"Info-box-wrap-6001\" class=\"aio-icon-box default-icon\" style=\"\"  ><div class=\"aio-icon-default\"><div class=\"ult-just-icon-wrapper\"><div class=\"align-icon\" style=\"text-align:center;\">\n<div class=\"aio-icon none\"  style=\"color:#333;font-size:32px;display:inline-block;\">\n\t<i class=\"Defaults-desktop\"><\/i>\n<\/div><\/div><\/div><\/div><div class=\"aio-icon-description ult-responsive\"  data-ultimate-target='#Info-box-wrap-6001 .aio-icon-description'  data-responsive-json-new='{\"font-size\":\"\",\"line-height\":\"\"}'  style=\"\">Wir k\u00fcmmern uns um die Listung Ihrer Immobilie auf bekannten Immobilienportalen und gew\u00e4hrleisten so eine maximale Sichtbarkeit f\u00fcr ein breites und vielf\u00e4ltiges Publikum von potenziellen K\u00e4ufern. Mit diesem Service sparen Sie Zeit und M\u00fche und erh\u00f6hen gleichzeitig die Reichweite Ihrer Immobilie.<\/div> <!-- description --><\/div> <!-- aio-icon-box --><\/div> <!-- aio-icon-component --><\/div><\/div><div class=\"vc_tta-panel\" id=\"1698441638689-537aa892-78f5\" data-vc-content=\".vc_tta-panel-body\"><div class=\"vc_tta-panel-heading\"><h4 class=\"vc_tta-panel-title vc_tta-controls-icon-position-left\"><a href=\"#1698441638689-537aa892-78f5\" data-vc-accordion data-vc-container=\".vc_tta-container\"><span class=\"vc_tta-title-text\">F\u00f6rderung sozialer Medien<\/span><i class=\"vc_tta-controls-icon vc_tta-controls-icon-plus\"><\/i><\/a><\/h4><\/div><div class=\"vc_tta-panel-body\"><div class=\"aio-icon-component    style_1\"><div id=\"Info-box-wrap-1476\" class=\"aio-icon-box default-icon\" style=\"\"  ><div class=\"aio-icon-default\"><div class=\"ult-just-icon-wrapper\"><div class=\"align-icon\" style=\"text-align:center;\">\n<div class=\"aio-icon none\"  style=\"color:#333;font-size:32px;display:inline-block;\">\n\t<i class=\"Defaults-facebook-square\"><\/i>\n<\/div><\/div><\/div><\/div><div class=\"aio-icon-description ult-responsive\"  data-ultimate-target='#Info-box-wrap-1476 .aio-icon-description'  data-responsive-json-new='{\"font-size\":\"\",\"line-height\":\"\"}'  style=\"\">Unsere Marketingexperten nutzen die Macht der sozialen Medien, um Ihre Immobilie zu bewerben. Wir erstellen \u00fcberzeugende Beitr\u00e4ge, setzen gezielte Werbung ein und sprechen potenzielle K\u00e4ufer an, um die Sichtbarkeit Ihrer Immobilie zu erh\u00f6hen und ein breiteres Publikum zu erreichen.<\/div> <!-- description --><\/div> <!-- aio-icon-box --><\/div> <!-- aio-icon-component --><\/div><\/div><\/div><\/div><\/div><\/div><\/div><\/div><\/div><\/div><div class=\"vc_row wpb_row vc_row-fluid\"><div class=\"wpb_column vc_column_container vc_col-sm-12\"><div class=\"vc_column-inner\"><div class=\"wpb_wrapper\">\n\t<div class=\"wpb_text_column wpb_content_element\" >\n\t\t<div class=\"wpb_wrapper\">\n\t\t\t<p>Mit den umfassenden Immobiliendienstleistungen von ImmoPortal k\u00f6nnen Sie sich darauf verlassen, dass Ihre Immobilie effektiv pr\u00e4sentiert, vermarktet und beworben wird, um die richtigen K\u00e4ufer zu erreichen und Ihnen zu helfen, Ihre Immobilienziele in Luxemburg zu erreichen.<\/p>\n\n\t\t<\/div>\n\t<\/div>\n<\/div><\/div><\/div><\/div>\n<\/div>","protected":false},"excerpt":{"rendered":"ImmoPortal is a service by ImmoTV.lu powered by eConcept s.\u00e0r.l.-s. ImmoTV.lu offers a comprehensive suite of real estate services to help you effectively showcase and market your properties in Luxembourg. Our range of services includes: Professional Photography Our experienced photographers capture the essence of your property with high-quality images that highlight its unique features and [...]","protected":false},"author":1,"featured_media":0,"parent":0,"menu_order":0,"comment_status":"closed","ping_status":"closed","template":"page_full-width-with-top-title.php","meta":{"_acf_changed":false,"footnotes":""},"class_list":["post-3699","page","type-page","status-publish","hentry"],"acf":[],"_links":{"self":[{"href":"https:\/\/immomeier.lu\/de\/wp-json\/wp\/v2\/pages\/3699","targetHints":{"allow":["GET"]}}],"collection":[{"href":"https:\/\/immomeier.lu\/de\/wp-json\/wp\/v2\/pages"}],"about":[{"href":"https:\/\/immomeier.lu\/de\/wp-json\/wp\/v2\/types\/page"}],"author":[{"embeddable":true,"href":"https:\/\/immomeier.lu\/de\/wp-json\/wp\/v2\/users\/1"}],"replies":[{"embeddable":true,"href":"https:\/\/immomeier.lu\/de\/wp-json\/wp\/v2\/comments?post=3699"}],"version-history":[{"count":3,"href":"https:\/\/immomeier.lu\/de\/wp-json\/wp\/v2\/pages\/3699\/revisions"}],"predecessor-version":[{"id":3703,"href":"https:\/\/immomeier.lu\/de\/wp-json\/wp\/v2\/pages\/3699\/revisions\/3703"}],"wp:attachment":[{"href":"https:\/\/immomeier.lu\/de\/wp-json\/wp\/v2\/media?parent=3699"}],"curies":[{"name":"wp","href":"https:\/\/api.w.org\/{rel}","templated":true}]}}