{"id":2455,"date":"2017-10-15T07:36:13","date_gmt":"2017-10-15T07:36:13","guid":{"rendered":"https:\/\/myhometheme.net\/default\/?page_id=2455"},"modified":"2023-10-27T22:38:42","modified_gmt":"2023-10-27T20:38:42","slug":"kartenliste-integriert","status":"publish","type":"page","link":"https:\/\/immomeier.lu\/de\/map-list-integrated\/","title":{"rendered":"Startseite - Karte - Liste integriert"},"content":{"rendered":"<div class=\"wpb-content-wrapper\"><div data-vc-full-width=\"true\" data-vc-full-width-temp=\"true\" data-vc-full-width-init=\"false\" data-vc-stretch-content=\"true\" class=\"vc_row wpb_row vc_row-fluid vc_custom_1530549598901 vc_row-no-padding\"><div class=\"wpb_column vc_column_container vc_col-sm-12\"><div class=\"vc_column-inner\"><div class=\"wpb_wrapper\">\t\t<listing-map\r\n\t\t\tid=\"myhome-listing-map\"\r\n\t\t\tconfig-key=\"MyHomeMapListing1777591897\"\r\n\t\t\t\t\t\t\t:center=\"{&quot;lat&quot;:49.611738231914465,&quot;lng&quot;:6.129336685607839}\"\r\n\t\t\t\t\t\t\t\t>\r\n\t\t<\/listing-map>\r\n\t\t\t\t<listing-grid\r\n\t\t\tid=\"myhome-listing-grid\"\r\n\t\t\tclass=\"\"\r\n\t\t\tconfig-key='MyHomeListing1777591897'\r\n\t\t>\r\n\t\t\t\t\t<\/listing-grid>\r\n\t\t<\/div><\/div><\/div><\/div><div class=\"vc_row-full-width vc_clearfix\"><\/div><div data-vc-full-width=\"true\" data-vc-full-width-temp=\"true\" data-vc-full-width-init=\"false\" class=\"vc_row wpb_row vc_row-fluid vc_custom_1698438374160 vc_row-has-fill\"><div class=\"wpb_column vc_column_container vc_col-sm-12\"><div class=\"vc_column-inner vc_custom_1698438295976\"><div class=\"wpb_wrapper\"><div class=\"\">\r\n\t\r\n        <div class=\"mh-heading-wrapper\">\r\n            <h2            class=\"mh-heading mh-color-other mh-heading--bottom-separator\"\r\n            style=\"font-weight:700;color:#000000;\">\r\n\t\t\tBlog        <\/h2>\r\n\r\n\t\t    <\/div>\r\n\r\n\t<\/div>\t<div class=\"owl-carousel owl-carousel--visible-3  owl-carousel--no-auto-play\">\r\n\t\t\t\t\t<article\r\n\t\t\t\tclass=\"mh-post-grid mh-post-grid--img-absolute mh-post-grid--white post-4803 post type-post status-publish format-standard has-post-thumbnail hentry category-immobilier category-real-estate tag-market tag-negocaition tag-realestate tag-sale\">\r\n\t\t\t\t<a href=\"https:\/\/immomeier.lu\/de\/from-asking-price-to-agreement\/\"\r\n\t\t\t\t   title=\"Von der Preisvorstellung zur Vereinbarung\"\r\n\t\t\t\t   class=\"mh-post-grid__thumbnail\">\r\n\t\t\t\t\t\t\t\t\t\t\t<div class=\"mh-thumbnail__inner\">\r\n\t\t\t\t\t\t\t\t\t<img\r\n\t\t\t\t\t\t\tdata-srcset=\"https:\/\/immomeier.lu\/wp-content\/uploads\/2025\/07\/1426a230-4c80-4573-ac5b-9f35be6866e4-120x75.png 120w, https:\/\/immomeier.lu\/wp-content\/uploads\/2025\/07\/1426a230-4c80-4573-ac5b-9f35be6866e4-18x12.png 18w, https:\/\/immomeier.lu\/wp-content\/uploads\/2025\/07\/1426a230-4c80-4573-ac5b-9f35be6866e4-848x530.png 848w, https:\/\/immomeier.lu\/wp-content\/uploads\/2025\/07\/1426a230-4c80-4573-ac5b-9f35be6866e4-600x375.png 600w, https:\/\/immomeier.lu\/wp-content\/uploads\/2025\/07\/1426a230-4c80-4573-ac5b-9f35be6866e4-400x250.png 400w, https:\/\/immomeier.lu\/wp-content\/uploads\/2025\/07\/1426a230-4c80-4573-ac5b-9f35be6866e4-224x140.png 224w\"\r\n\t\t\t\tclass=\"lazyload\"\r\n\t\t\t\tdata-sizes=\"auto\"\r\n\t\t\t\t\t\talt=\"Von der Preisvorstellung zur Vereinbarung\"\r\n\t\t>\r\n\t\t\t\t\t\t\t\t<\/div>\r\n\t\t\t\t\t\t<span class=\"mh-caption\">\r\n\t\t\t\t\t\t\t\t<span class=\"mh-caption__inner\">15.07.2025<\/span>\r\n\t\t\t\t\t\t\t<\/span>\r\n\t\t\t\t\t\t\t\t\t<\/a>\r\n\t\t\t\t<div class=\"mh-post-grid__inner\">\r\n\t\t\t\t\t<h3 class=\"mh-post-grid__heading\">\r\n\t\t\t\t\t\t<a href=\"https:\/\/immomeier.lu\/de\/from-asking-price-to-agreement\/\" title=\"Von der Preisvorstellung zur Vereinbarung\">\r\n\t\t\t\t\t\t\tVon der Preisvorstellung zur Vereinbarung\t\t\t\t\t\t<\/a>\r\n\t\t\t\t\t<\/h3>\r\n\t\t\t\t\t<div class=\"mh-post-grid__excerpt\">\r\n\t\t\t\t\t\tDie Kunst des Verhandelns beherrschen Der Verkauf einer Immobilie ist nicht nur eine Transaktion, sondern eine wichtige finanzielle und emotionale Entscheidung. W\u00e4hrend attraktives Marketing, professionelle Fotografie und Sichtbarkeit eine wichtige Rolle spielen, ist ein Element oft entscheidend...\t\t\t\t\t<\/div>\r\n\t\t\t\t\t<div class=\"mh-post-grid__btn-wrapper\">\r\n\t\t\t\t\t\t<a href=\"https:\/\/immomeier.lu\/de\/from-asking-price-to-agreement\/\" title=\"Von der Preisvorstellung zur Vereinbarung\"\r\n\t\t\t\t\t\t   class=\"mdl-button mdl-js-button mdl-button--raised mdl-button--primary-ghost\">\r\n\t\t\t\t\t\t\tMehr lesen\t\t\t\t\t\t<\/a>\r\n\t\t\t\t\t<\/div>\r\n\t\t\t\t<\/div>\r\n\t\t\t<\/article>\r\n\t\t\t\t\t<article\r\n\t\t\t\tclass=\"mh-post-grid mh-post-grid--img-absolute mh-post-grid--white post-4422 post type-post status-publish format-standard has-post-thumbnail hentry category-market-news tag-market tag-real-estate tag-transparency\">\r\n\t\t\t\t<a href=\"https:\/\/immomeier.lu\/de\/why-transparency-and-a-realistic-price-estimate-are-crucial-when-selling-real-estate\/\"\r\n\t\t\t\t   title=\"Warum Transparenz und eine realistische Preiseinsch\u00e4tzung beim Immobilienverkauf entscheidend sind.\"\r\n\t\t\t\t   class=\"mh-post-grid__thumbnail\">\r\n\t\t\t\t\t\t\t\t\t\t\t<div class=\"mh-thumbnail__inner\">\r\n\t\t\t\t\t\t\t\t\t<img\r\n\t\t\t\t\t\t\tdata-srcset=\"https:\/\/immomeier.lu\/wp-content\/uploads\/2025\/03\/WhatsApp-Image-2025-03-30-at-22.23.38-1-120x75.jpeg 120w, https:\/\/immomeier.lu\/wp-content\/uploads\/2025\/03\/WhatsApp-Image-2025-03-30-at-22.23.38-1-848x530.jpeg 848w, https:\/\/immomeier.lu\/wp-content\/uploads\/2025\/03\/WhatsApp-Image-2025-03-30-at-22.23.38-1-600x375.jpeg 600w, https:\/\/immomeier.lu\/wp-content\/uploads\/2025\/03\/WhatsApp-Image-2025-03-30-at-22.23.38-1-400x250.jpeg 400w, https:\/\/immomeier.lu\/wp-content\/uploads\/2025\/03\/WhatsApp-Image-2025-03-30-at-22.23.38-1-224x140.jpeg 224w\"\r\n\t\t\t\tclass=\"lazyload\"\r\n\t\t\t\tdata-sizes=\"auto\"\r\n\t\t\t\t\t\talt=\"Warum Transparenz und eine realistische Preiseinsch\u00e4tzung beim Immobilienverkauf entscheidend sind.\"\r\n\t\t>\r\n\t\t\t\t\t\t\t\t<\/div>\r\n\t\t\t\t\t\t<span class=\"mh-caption\">\r\n\t\t\t\t\t\t\t\t<span class=\"mh-caption__inner\">31.03.2025<\/span>\r\n\t\t\t\t\t\t\t<\/span>\r\n\t\t\t\t\t\t\t\t\t<\/a>\r\n\t\t\t\t<div class=\"mh-post-grid__inner\">\r\n\t\t\t\t\t<h3 class=\"mh-post-grid__heading\">\r\n\t\t\t\t\t\t<a href=\"https:\/\/immomeier.lu\/de\/why-transparency-and-a-realistic-price-estimate-are-crucial-when-selling-real-estate\/\" title=\"Warum Transparenz und eine realistische Preiseinsch\u00e4tzung beim Immobilienverkauf entscheidend sind.\">\r\n\t\t\t\t\t\t\tWarum Transparenz und eine realistische Preiseinsch\u00e4tzung beim Immobilienverkauf entscheidend sind.\t\t\t\t\t\t<\/a>\r\n\t\t\t\t\t<\/h3>\r\n\t\t\t\t\t<div class=\"mh-post-grid__excerpt\">\r\n\t\t\t\t\t\t\u269c\ufe0f Warum Transparenz und eine realistische Preissch\u00e4tzung beim Verkauf einer Immobilie entscheidend sind. Der Verkauf einer Immobilie ist eine gro\u00dfe Entscheidung - sowohl in emotionaler als auch in finanzieller Hinsicht. Als Immobilienmakler wei\u00df ich, dass viele Eigent\u00fcmer...\t\t\t\t\t<\/div>\r\n\t\t\t\t\t<div class=\"mh-post-grid__btn-wrapper\">\r\n\t\t\t\t\t\t<a href=\"https:\/\/immomeier.lu\/de\/why-transparency-and-a-realistic-price-estimate-are-crucial-when-selling-real-estate\/\" title=\"Warum Transparenz und eine realistische Preiseinsch\u00e4tzung beim Immobilienverkauf entscheidend sind.\"\r\n\t\t\t\t\t\t   class=\"mdl-button mdl-js-button mdl-button--raised mdl-button--primary-ghost\">\r\n\t\t\t\t\t\t\tMehr lesen\t\t\t\t\t\t<\/a>\r\n\t\t\t\t\t<\/div>\r\n\t\t\t\t<\/div>\r\n\t\t\t<\/article>\r\n\t\t\t\t\t<article\r\n\t\t\t\tclass=\"mh-post-grid mh-post-grid--img-absolute mh-post-grid--white post-827 post type-post status-publish format-standard has-post-thumbnail hentry category-real-estate tag-architecture tag-design tag-house\">\r\n\t\t\t\t<a href=\"https:\/\/immomeier.lu\/de\/the-most-inspiring-interior-design-of-2016\/\"\r\n\t\t\t\t   title=\"Verk\u00e4ufe: Timing ist alles!\"\r\n\t\t\t\t   class=\"mh-post-grid__thumbnail\">\r\n\t\t\t\t\t\t\t\t\t\t\t<div class=\"mh-thumbnail__inner\">\r\n\t\t\t\t\t\t\t\t\t<img\r\n\t\t\t\t\t\t\tdata-srcset=\"https:\/\/immomeier.lu\/wp-content\/uploads\/2017\/10\/money-2696229_1280-120x75.jpg 120w, https:\/\/immomeier.lu\/wp-content\/uploads\/2017\/10\/money-2696229_1280-18x10.jpg 18w, https:\/\/immomeier.lu\/wp-content\/uploads\/2017\/10\/money-2696229_1280-848x530.jpg 848w, https:\/\/immomeier.lu\/wp-content\/uploads\/2017\/10\/money-2696229_1280-600x375.jpg 600w, https:\/\/immomeier.lu\/wp-content\/uploads\/2017\/10\/money-2696229_1280-400x250.jpg 400w, https:\/\/immomeier.lu\/wp-content\/uploads\/2017\/10\/money-2696229_1280-224x140.jpg 224w\"\r\n\t\t\t\tclass=\"lazyload\"\r\n\t\t\t\tdata-sizes=\"auto\"\r\n\t\t\t\t\t\talt=\"Verk\u00e4ufe: Timing ist alles!\"\r\n\t\t>\r\n\t\t\t\t\t\t\t\t<\/div>\r\n\t\t\t\t\t\t<span class=\"mh-caption\">\r\n\t\t\t\t\t\t\t\t<span class=\"mh-caption__inner\">05.10.2024<\/span>\r\n\t\t\t\t\t\t\t<\/span>\r\n\t\t\t\t\t\t\t\t\t<\/a>\r\n\t\t\t\t<div class=\"mh-post-grid__inner\">\r\n\t\t\t\t\t<h3 class=\"mh-post-grid__heading\">\r\n\t\t\t\t\t\t<a href=\"https:\/\/immomeier.lu\/de\/the-most-inspiring-interior-design-of-2016\/\" title=\"Verk\u00e4ufe: Timing ist alles!\">\r\n\t\t\t\t\t\t\tVerk\u00e4ufe: Timing ist alles!\t\t\t\t\t\t<\/a>\r\n\t\t\t\t\t<\/h3>\r\n\t\t\t\t\t<div class=\"mh-post-grid__excerpt\">\r\n\t\t\t\t\t\tAls Immobilienmakler liegt eine der wichtigsten Strategien f\u00fcr einen erfolgreichen Immobilienverkauf darin, die Bedeutung des Timings zu verstehen. Der Immobilienmarkt ist dynamisch und wird von verschiedenen Faktoren beeinflusst, so dass...\t\t\t\t\t<\/div>\r\n\t\t\t\t\t<div class=\"mh-post-grid__btn-wrapper\">\r\n\t\t\t\t\t\t<a href=\"https:\/\/immomeier.lu\/de\/the-most-inspiring-interior-design-of-2016\/\" title=\"Verk\u00e4ufe: Timing ist alles!\"\r\n\t\t\t\t\t\t   class=\"mdl-button mdl-js-button mdl-button--raised mdl-button--primary-ghost\">\r\n\t\t\t\t\t\t\tMehr lesen\t\t\t\t\t\t<\/a>\r\n\t\t\t\t\t<\/div>\r\n\t\t\t\t<\/div>\r\n\t\t\t<\/article>\r\n\t\t\t\t\t<article\r\n\t\t\t\tclass=\"mh-post-grid mh-post-grid--img-absolute mh-post-grid--white post-225 post type-post status-publish format-standard has-post-thumbnail hentry category-immobilier category-market-news tag-market tag-news tag-pricing tag-real-estate\">\r\n\t\t\t\t<a href=\"https:\/\/immomeier.lu\/de\/renovating-a-living-room-experts-share-their-secrets\/\"\r\n\t\t\t\t   title=\"Wenn der Preis marktgerecht ist, wird sich die Immobilie auch bei der aktuellen Zinssituation verkaufen!\"\r\n\t\t\t\t   class=\"mh-post-grid__thumbnail\">\r\n\t\t\t\t\t\t\t\t\t\t\t<div class=\"mh-thumbnail__inner\">\r\n\t\t\t\t\t\t\t\t\t<img\r\n\t\t\t\t\t\t\tdata-srcset=\"https:\/\/immomeier.lu\/wp-content\/uploads\/2025\/01\/house-366927_640-120x75.jpg 120w, https:\/\/immomeier.lu\/wp-content\/uploads\/2025\/01\/house-366927_640-18x12.jpg 18w, https:\/\/immomeier.lu\/wp-content\/uploads\/2025\/01\/house-366927_640-600x375.jpg 600w, https:\/\/immomeier.lu\/wp-content\/uploads\/2025\/01\/house-366927_640-400x250.jpg 400w, https:\/\/immomeier.lu\/wp-content\/uploads\/2025\/01\/house-366927_640-224x140.jpg 224w\"\r\n\t\t\t\tclass=\"lazyload\"\r\n\t\t\t\tdata-sizes=\"auto\"\r\n\t\t\t\t\t\talt=\"Wenn der Preis marktgerecht ist, wird sich die Immobilie auch bei der aktuellen Zinssituation verkaufen!\"\r\n\t\t>\r\n\t\t\t\t\t\t\t\t<\/div>\r\n\t\t\t\t\t\t<span class=\"mh-caption\">\r\n\t\t\t\t\t\t\t\t<span class=\"mh-caption__inner\">05.09.2024<\/span>\r\n\t\t\t\t\t\t\t<\/span>\r\n\t\t\t\t\t\t\t\t\t<\/a>\r\n\t\t\t\t<div class=\"mh-post-grid__inner\">\r\n\t\t\t\t\t<h3 class=\"mh-post-grid__heading\">\r\n\t\t\t\t\t\t<a href=\"https:\/\/immomeier.lu\/de\/renovating-a-living-room-experts-share-their-secrets\/\" title=\"Wenn der Preis marktgerecht ist, wird sich die Immobilie auch bei der aktuellen Zinssituation verkaufen!\">\r\n\t\t\t\t\t\t\tWenn der Preis marktgerecht ist, wird sich die Immobilie auch bei der aktuellen Zinssituation verkaufen!\t\t\t\t\t\t<\/a>\r\n\t\t\t\t\t<\/h3>\r\n\t\t\t\t\t<div class=\"mh-post-grid__excerpt\">\r\n\t\t\t\t\t\tDer Immobilienmarkt ist ein dynamisches Umfeld, das von einer Vielzahl von Faktoren beeinflusst wird. Eine der grundlegendsten und wichtigsten \u00dcberlegungen beim Verkauf einer Immobilie ist die Preisgestaltung. Eine h\u00e4ufig geh\u00f6rte Phrase in der...\t\t\t\t\t<\/div>\r\n\t\t\t\t\t<div class=\"mh-post-grid__btn-wrapper\">\r\n\t\t\t\t\t\t<a href=\"https:\/\/immomeier.lu\/de\/renovating-a-living-room-experts-share-their-secrets\/\" title=\"Wenn der Preis marktgerecht ist, wird sich die Immobilie auch bei der aktuellen Zinssituation verkaufen!\"\r\n\t\t\t\t\t\t   class=\"mdl-button mdl-js-button mdl-button--raised mdl-button--primary-ghost\">\r\n\t\t\t\t\t\t\tMehr lesen\t\t\t\t\t\t<\/a>\r\n\t\t\t\t\t<\/div>\r\n\t\t\t\t<\/div>\r\n\t\t\t<\/article>\r\n\t\t\t\t\t<article\r\n\t\t\t\tclass=\"mh-post-grid mh-post-grid--img-absolute mh-post-grid--white post-3732 post type-post status-publish format-standard has-post-thumbnail hentry category-immobilier category-news category-real-estate tag-agent tag-estate tag-home tag-house tag-real-estate\">\r\n\t\t\t\t<a href=\"https:\/\/immomeier.lu\/de\/why-you-might-choose-to-work-with-a-real-estate-agent\/\"\r\n\t\t\t\t   title=\"Warum sollten Sie mit einem Immobilienmakler zusammenarbeiten?\"\r\n\t\t\t\t   class=\"mh-post-grid__thumbnail\">\r\n\t\t\t\t\t\t\t\t\t\t\t<div class=\"mh-thumbnail__inner\">\r\n\t\t\t\t\t\t\t\t\t<img\r\n\t\t\t\t\t\t\tdata-srcset=\"https:\/\/immomeier.lu\/wp-content\/uploads\/2017\/09\/agent-video-new-img-120x75.jpg 120w, https:\/\/immomeier.lu\/wp-content\/uploads\/2017\/09\/agent-video-new-img-18x10.jpg 18w, https:\/\/immomeier.lu\/wp-content\/uploads\/2017\/09\/agent-video-new-img-848x530.jpg 848w, https:\/\/immomeier.lu\/wp-content\/uploads\/2017\/09\/agent-video-new-img-600x375.jpg 600w, https:\/\/immomeier.lu\/wp-content\/uploads\/2017\/09\/agent-video-new-img-400x250.jpg 400w, https:\/\/immomeier.lu\/wp-content\/uploads\/2017\/09\/agent-video-new-img-224x140.jpg 224w\"\r\n\t\t\t\tclass=\"lazyload\"\r\n\t\t\t\tdata-sizes=\"auto\"\r\n\t\t\t\t\t\talt=\"Warum sollten Sie mit einem Immobilienmakler zusammenarbeiten?\"\r\n\t\t>\r\n\t\t\t\t\t\t\t\t<\/div>\r\n\t\t\t\t\t\t<span class=\"mh-caption\">\r\n\t\t\t\t\t\t\t\t<span class=\"mh-caption__inner\">02.11.2023<\/span>\r\n\t\t\t\t\t\t\t<\/span>\r\n\t\t\t\t\t\t\t\t\t<\/a>\r\n\t\t\t\t<div class=\"mh-post-grid__inner\">\r\n\t\t\t\t\t<h3 class=\"mh-post-grid__heading\">\r\n\t\t\t\t\t\t<a href=\"https:\/\/immomeier.lu\/de\/why-you-might-choose-to-work-with-a-real-estate-agent\/\" title=\"Warum sollten Sie mit einem Immobilienmakler zusammenarbeiten?\">\r\n\t\t\t\t\t\t\tWarum sollten Sie mit einem Immobilienmakler zusammenarbeiten?\t\t\t\t\t\t<\/a>\r\n\t\t\t\t\t<\/h3>\r\n\t\t\t\t\t<div class=\"mh-post-grid__excerpt\">\r\n\t\t\t\t\t\tEs gibt mehrere Gr\u00fcnde, warum Sie beim Kauf oder Verkauf einer Immobilie mit einem Immobilienmakler zusammenarbeiten sollten. Hier sind die wichtigsten Fakten: Kompetenz und Wissen. Immobilienmakler sind ausgebildete Fachleute...\t\t\t\t\t<\/div>\r\n\t\t\t\t\t<div class=\"mh-post-grid__btn-wrapper\">\r\n\t\t\t\t\t\t<a href=\"https:\/\/immomeier.lu\/de\/why-you-might-choose-to-work-with-a-real-estate-agent\/\" title=\"Warum sollten Sie mit einem Immobilienmakler zusammenarbeiten?\"\r\n\t\t\t\t\t\t   class=\"mdl-button mdl-js-button mdl-button--raised mdl-button--primary-ghost\">\r\n\t\t\t\t\t\t\tMehr lesen\t\t\t\t\t\t<\/a>\r\n\t\t\t\t\t<\/div>\r\n\t\t\t\t<\/div>\r\n\t\t\t<\/article>\r\n\t\t\t<\/div>\r\n    <div class=\"text-center mh-margin-bottom-small\">\r\n        <a class=\"mdl-button mdl-button--lg mdl-js-button mdl-button--raised mdl-button--primary\" href=\"https:\/\/immomeier.lu\/de\/news\/\" title=\"Blog besuchen\">\r\n            Blog besuchen        <\/a>\r\n    <\/div>\r\n<\/div><\/div><\/div><\/div><div class=\"vc_row-full-width vc_clearfix\"><\/div><div class=\"vc_row wpb_row vc_row-fluid\"><div class=\"wpb_column vc_column_container vc_col-sm-12\"><div class=\"vc_column-inner vc_custom_1488461802056\"><div class=\"wpb_wrapper\"><div class=\"\">\r\n\t\r\n        <div class=\"mh-heading-wrapper\">\r\n            <h2            class=\"mh-heading  mh-heading--bottom-separator\"\r\n            style=\"font-weight:700;\">\r\n\t\t\tPartner        <\/h2>\r\n\r\n\t\t    <\/div>\r\n\r\n\t<\/div>\t<div class=\"owl-carousel mh-clients owl-carousel--visible-5\">\r\n\t\t\t\t\t<div class=\"item\">\r\n\t\t\t\t<div class=\"mh-client\">\r\n\t\t\t\t\t\t\t\t\t\t<a href=\"https:\/\/immowelt.de\/profil\/10181189\" title=\"ImmoWelt.de - Partner\"\r\n\t\t\t\t\t   target=\"_blank\">\r\n\t\t\t\t\t\t<img loading=\"lazy\" decoding=\"async\" width=\"332\" height=\"78\" src=\"https:\/\/immomeier.lu\/wp-content\/uploads\/2025\/10\/immowelt.png\" class=\"attachment-full size-full wp-post-image\" alt=\"\" srcset=\"https:\/\/immomeier.lu\/wp-content\/uploads\/2025\/10\/immowelt.png 332w, https:\/\/immomeier.lu\/wp-content\/uploads\/2025\/10\/immowelt-300x70.png 300w, https:\/\/immomeier.lu\/wp-content\/uploads\/2025\/10\/immowelt-18x4.png 18w\" sizes=\"auto, (max-width: 332px) 100vw, 332px\" \/>\t\t\t\t\t<\/a>\r\n\t\t\t\t\t\t\t\t<\/div>\r\n\t\t\t<\/div>\r\n\t\t\t\t\t<div class=\"item\">\r\n\t\t\t\t<div class=\"mh-client\">\r\n\t\t\t\t\t\t\t\t\t\t<a href=\"https:\/\/immotv.lu\" title=\"ImmoTV.lu\"\r\n\t\t\t\t\t   target=\"_blank\">\r\n\t\t\t\t\t\tImmoTV.lu\t\t\t\t\t<\/a>\r\n\t\t\t\t\t\t\t\t<\/div>\r\n\t\t\t<\/div>\r\n\t\t\t\t\t<div class=\"item\">\r\n\t\t\t\t<div class=\"mh-client\">\r\n\t\t\t\t\t\t\t\t\t\t<a href=\"https:\/\/econcept.lu\" title=\"eConcept s\u00e0rl\"\r\n\t\t\t\t\t   target=\"_blank\">\r\n\t\t\t\t\t\t<img loading=\"lazy\" decoding=\"async\" width=\"332\" height=\"78\" src=\"https:\/\/immomeier.lu\/wp-content\/uploads\/2017\/02\/partner-econcept-1.png\" class=\"attachment-full size-full wp-post-image\" alt=\"\" srcset=\"https:\/\/immomeier.lu\/wp-content\/uploads\/2017\/02\/partner-econcept-1.png 332w, https:\/\/immomeier.lu\/wp-content\/uploads\/2017\/02\/partner-econcept-1-300x70.png 300w\" sizes=\"auto, (max-width: 332px) 100vw, 332px\" \/>\t\t\t\t\t<\/a>\r\n\t\t\t\t\t\t\t\t<\/div>\r\n\t\t\t<\/div>\r\n\t\t\t<\/div>\r\n<\/div><\/div><\/div><\/div>\n<\/div>","protected":false},"excerpt":{"rendered":"","protected":false},"author":1,"featured_media":0,"parent":0,"menu_order":0,"comment_status":"closed","ping_status":"closed","template":"page_full-width.php","meta":{"_acf_changed":false,"footnotes":""},"class_list":["post-2455","page","type-page","status-publish","hentry"],"acf":[],"_links":{"self":[{"href":"https:\/\/immomeier.lu\/de\/wp-json\/wp\/v2\/pages\/2455","targetHints":{"allow":["GET"]}}],"collection":[{"href":"https:\/\/immomeier.lu\/de\/wp-json\/wp\/v2\/pages"}],"about":[{"href":"https:\/\/immomeier.lu\/de\/wp-json\/wp\/v2\/types\/page"}],"author":[{"embeddable":true,"href":"https:\/\/immomeier.lu\/de\/wp-json\/wp\/v2\/users\/1"}],"replies":[{"embeddable":true,"href":"https:\/\/immomeier.lu\/de\/wp-json\/wp\/v2\/comments?post=2455"}],"version-history":[{"count":7,"href":"https:\/\/immomeier.lu\/de\/wp-json\/wp\/v2\/pages\/2455\/revisions"}],"predecessor-version":[{"id":3696,"href":"https:\/\/immomeier.lu\/de\/wp-json\/wp\/v2\/pages\/2455\/revisions\/3696"}],"wp:attachment":[{"href":"https:\/\/immomeier.lu\/de\/wp-json\/wp\/v2\/media?parent=2455"}],"curies":[{"name":"wp","href":"https:\/\/api.w.org\/{rel}","templated":true}]}}