{"id":1674,"date":"2017-05-05T10:50:45","date_gmt":"2017-05-05T10:50:45","guid":{"rendered":"http:\/\/export-1.test-tangibledesign.net\/?page_id=1674"},"modified":"2025-06-27T10:59:54","modified_gmt":"2025-06-27T08:59:54","slug":"kontakt","status":"publish","type":"page","link":"https:\/\/immomeier.lu\/de\/contact\/","title":{"rendered":"Kontakt"},"content":{"rendered":"<div class=\"wpb-content-wrapper\"><div data-vc-full-width=\"true\" data-vc-full-width-temp=\"true\" data-vc-full-width-init=\"false\" class=\"vc_row wpb_row vc_row-fluid vc_custom_1494337711020 vc_row-o-equal-height vc_row-flex\"><div class=\"wpb_column vc_column_container vc_col-sm-4\"><div class=\"vc_column-inner vc_custom_1494336662073\"><div class=\"wpb_wrapper\"><div class=\"mh-heading-wrapper--left\">\r\n\t\r\n        <div class=\"mh-heading-wrapper\">\r\n            <h2            class=\"mh-heading  mh-heading--bottom-separator\"\r\n            style=\"font-weight:700;\">\r\n\t\t\tKontakt        <\/h2>\r\n\r\n\t\t    <\/div>\r\n\r\n\t<\/div>\n<div class=\"wpcf7 no-js\" id=\"wpcf7-f1676-o1\" lang=\"en-US\" dir=\"ltr\" data-wpcf7-id=\"1676\">\n<div class=\"screen-reader-response\"><p role=\"status\" aria-live=\"polite\" aria-atomic=\"true\"><\/p> <ul><\/ul><\/div>\n<form action=\"\/de\/wp-json\/wp\/v2\/pages\/1674#wpcf7-f1676-o1\" method=\"post\" class=\"wpcf7-form init\" aria-label=\"Kontakt-Formular\" novalidate=\"novalidate\" data-status=\"init\" data-trp-original-action=\"\/de\/wp-json\/wp\/v2\/pages\/1674#wpcf7-f1676-o1\">\n<fieldset class=\"hidden-fields-container\"><input type=\"hidden\" name=\"_wpcf7\" value=\"1676\" \/><input type=\"hidden\" name=\"_wpcf7_version\" value=\"6.1.5\" \/><input type=\"hidden\" name=\"_wpcf7_locale\" value=\"en_US\" \/><input type=\"hidden\" name=\"_wpcf7_unit_tag\" value=\"wpcf7-f1676-o1\" \/><input type=\"hidden\" name=\"_wpcf7_container_post\" value=\"0\" \/><input type=\"hidden\" name=\"_wpcf7_posted_data_hash\" value=\"\" \/>\n<\/fieldset>\n<p><label><span class=\"wpcf7-form-control-wrap\" data-name=\"your-name\"><input size=\"40\" maxlength=\"400\" class=\"wpcf7-form-control wpcf7-text wpcf7-validates-as-required\" aria-required=\"true\" aria-invalid=\"false\" placeholder=\"Ihr Name*\" value=\"\" type=\"text\" name=\"your-name\" \/><\/span><\/label><label><span class=\"wpcf7-form-control-wrap\" data-name=\"your-email\"><input size=\"40\" maxlength=\"400\" class=\"wpcf7-form-control wpcf7-email wpcf7-validates-as-required wpcf7-text wpcf7-validates-as-email\" aria-required=\"true\" aria-invalid=\"false\" placeholder=\"Ihre E-Mail*\" value=\"\" type=\"email\" name=\"your-email\" \/><\/span><\/label><label><span class=\"wpcf7-form-control-wrap\" data-name=\"your-subject\"><input size=\"40\" maxlength=\"400\" class=\"wpcf7-form-control wpcf7-text\" aria-invalid=\"false\" placeholder=\"Thema\" value=\"\" type=\"text\" name=\"your-subject\" \/><\/span> <\/label><label><span class=\"wpcf7-form-control-wrap\" data-name=\"your-message\"><textarea cols=\"40\" rows=\"10\" maxlength=\"2000\" class=\"wpcf7-form-control wpcf7-textarea\" aria-invalid=\"false\" placeholder=\"Ihre Nachricht\" name=\"your-message\"><\/textarea><\/span> <\/label><input class=\"wpcf7-form-control wpcf7-submit has-spinner\" type=\"submit\" value=\"Senden Sie\" \/>\n<\/p><div class=\"wpcf7-response-output\" aria-hidden=\"true\"><\/div>\n<input type=\"hidden\" name=\"trp-form-language\" value=\"de\"\/><\/form>\n<\/div>\n<\/div><\/div><\/div><div class=\"wpb_column vc_column_container vc_col-sm-4 vc_col-has-fill\"><div class=\"vc_column-inner vc_custom_1494336828259\"><div class=\"wpb_wrapper\"><div class=\"\">\r\n\t\r\n        <div class=\"mh-heading-wrapper\">\r\n            <h2            class=\"mh-heading  mh-heading--bottom-separator\"\r\n            style=\"font-weight:700;\">\r\n\t\t\tImmoMeier.lu        <\/h2>\r\n\r\n\t\t            <div class=\"mh-subheading\"\r\n                 style=\"\">\r\n\t\t\t\tImmobilienb\u00fcro            <\/div>\r\n\t\t    <\/div>\r\n\r\n\t<\/div>\n\t<div class=\"wpb_text_column wpb_content_element\" >\n\t\t<div class=\"wpb_wrapper\">\n\t\t\t<p><strong>Immobilienagentur  Pascale Meier<\/strong> ist Ihre erste Anlaufstelle f\u00fcr Immobilien in Luxemburg und der Grenzregion.<\/p>\n<p>Ihr Zuhause, meine Leidenschaft - Vertrauensw\u00fcrdig. Pers\u00f6nlich. Kompetent.<br \/>\nLuxemburg &amp; Grenzregion.<\/p>\n<p>Wir zeichnen uns durch ein breites Angebot an <strong>Wohn- und Gewerbeimmobilien<\/strong>mit Fotos, Videos, Luftaufnahmen und virtuellen Rundg\u00e4ngen, die Ihnen einen umfassenden \u00dcberblick \u00fcber jedes Angebot bieten.<\/p>\n<p>Unser engagiertes Team sorgt f\u00fcr einen unkomplizierten und effizienten Ablauf, von Ihrem <strong>von der ersten Immobiliensuche bis zum erfolgreichen Abschluss des Gesch\u00e4fts,<\/strong>und machen Ihre Immobilienreise in Luxemburg und der Grenzregion zu einem problemlosen und angenehmen Erlebnis.<\/p>\n<p><strong>E-Mail:<\/strong> info@immomeier.lu<br \/>\n<strong>Tel:<\/strong> +352 621 322 488<br \/>\n<strong>Adresse:<\/strong> 39a, rue Roodt-Syre L-6933 Mensdorf<\/p>\n\n\t\t<\/div>\n\t<\/div>\n<\/div><\/div><\/div><div class=\"wpb_column vc_column_container vc_col-sm-4 vc_col-has-fill\"><div class=\"vc_column-inner vc_custom_1494336835635\"><div class=\"wpb_wrapper\">\n\t<div  class=\"wpb_single_image wpb_content_element vc_align_left wpb_content_element\">\n\t\t\n\t\t<figure class=\"wpb_wrapper vc_figure\">\n\t\t\t<div class=\"vc_single_image-wrapper   vc_box_border_grey\"><img loading=\"lazy\" decoding=\"async\" width=\"1316\" height=\"1600\" src=\"https:\/\/immomeier.lu\/wp-content\/uploads\/2025\/03\/cropped-WhatsApp-Image-2025-03-30-at-22.23.38-1.jpeg\" class=\"vc_single_image-img attachment-full\" alt=\"\" title=\"WhatsApp Bild 2025-03-30 um 22.23.38\" srcset=\"https:\/\/immomeier.lu\/wp-content\/uploads\/2025\/03\/cropped-WhatsApp-Image-2025-03-30-at-22.23.38-1.jpeg 1316w, https:\/\/immomeier.lu\/wp-content\/uploads\/2025\/03\/cropped-WhatsApp-Image-2025-03-30-at-22.23.38-1-247x300.jpeg 247w, https:\/\/immomeier.lu\/wp-content\/uploads\/2025\/03\/cropped-WhatsApp-Image-2025-03-30-at-22.23.38-1-842x1024.jpeg 842w, https:\/\/immomeier.lu\/wp-content\/uploads\/2025\/03\/cropped-WhatsApp-Image-2025-03-30-at-22.23.38-1-768x934.jpeg 768w, https:\/\/immomeier.lu\/wp-content\/uploads\/2025\/03\/cropped-WhatsApp-Image-2025-03-30-at-22.23.38-1-1263x1536.jpeg 1263w, https:\/\/immomeier.lu\/wp-content\/uploads\/2025\/03\/cropped-WhatsApp-Image-2025-03-30-at-22.23.38-1-10x12.jpeg 10w\" sizes=\"auto, (max-width: 1316px) 100vw, 1316px\" \/><\/div>\n\t\t<\/figure>\n\t<\/div>\n\n\t<div class=\"wpb_text_column wpb_content_element\" >\n\t\t<div class=\"wpb_wrapper\">\n\t\t\t<p><strong>Immobilienagentur  Pascale Meier<br \/>\n<\/strong><\/p>\n<p><strong>Montag-Freitag:<\/strong> 8:00-18:00<br \/>\n<strong>Samstag:<\/strong> auf Anfrage<br \/>\n<strong>Sonntag:<\/strong> geschlossen<\/p>\n\n\t\t<\/div>\n\t<\/div>\n<\/div><\/div><\/div><\/div><div class=\"vc_row-full-width vc_clearfix\"><\/div><div data-vc-full-width=\"true\" data-vc-full-width-temp=\"true\" data-vc-full-width-init=\"false\" data-vc-stretch-content=\"true\" class=\"vc_row wpb_row vc_row-fluid vc_row-no-padding\"><div class=\"wpb_column vc_column_container vc_col-sm-12\"><div class=\"vc_column-inner\"><div class=\"wpb_wrapper\"><div class=\"wpb_gmaps_widget wpb_content_element vc_custom_1698354059160\"><div class=\"wpb_wrapper\"><div class=\"wpb_map_wraper\"><iframe src=\"https:\/\/www.google.com\/maps\/embed?pb=!1m14!1m12!1m3!1d139158.5526861754!2d6.114393779590377!3d49.60236127124838!2m3!1f0!2f0!3f0!3m2!1i1024!2i768!4f13.1!5e0!3m2!1sen!2slu!4v1698353691189!5m2!1sen!2slu\" width=\"600\" height=\"450\" style=\"border:0;\" allowfullscreen=\"\" loading=\"lazy\" referrerpolicy=\"no-referrer-when-downgrade\"><\/iframe><\/div><\/div><\/div><\/div><\/div><\/div><\/div><div class=\"vc_row-full-width vc_clearfix\"><\/div>\n<\/div>","protected":false},"excerpt":{"rendered":"Contact ImmoMeier.lu Real estate agency Immobili\u00e8re Pascale Meier is your go-to destination for real estate in Luxembourg &amp; Border Region. Your home, my passion - Trustworthy. Personally. Competent. Luxembourg &amp; border region. We stand out by offering a wide range of residential and commercial properties, complete with photos, videos, aerial shots and virtual tours providing [...]","protected":false},"author":1,"featured_media":0,"parent":0,"menu_order":0,"comment_status":"closed","ping_status":"closed","template":"page_full-width-with-top-title.php","meta":{"_acf_changed":false,"footnotes":""},"class_list":["post-1674","page","type-page","status-publish","hentry"],"acf":[],"_links":{"self":[{"href":"https:\/\/immomeier.lu\/de\/wp-json\/wp\/v2\/pages\/1674","targetHints":{"allow":["GET"]}}],"collection":[{"href":"https:\/\/immomeier.lu\/de\/wp-json\/wp\/v2\/pages"}],"about":[{"href":"https:\/\/immomeier.lu\/de\/wp-json\/wp\/v2\/types\/page"}],"author":[{"embeddable":true,"href":"https:\/\/immomeier.lu\/de\/wp-json\/wp\/v2\/users\/1"}],"replies":[{"embeddable":true,"href":"https:\/\/immomeier.lu\/de\/wp-json\/wp\/v2\/comments?post=1674"}],"version-history":[{"count":13,"href":"https:\/\/immomeier.lu\/de\/wp-json\/wp\/v2\/pages\/1674\/revisions"}],"predecessor-version":[{"id":4775,"href":"https:\/\/immomeier.lu\/de\/wp-json\/wp\/v2\/pages\/1674\/revisions\/4775"}],"wp:attachment":[{"href":"https:\/\/immomeier.lu\/de\/wp-json\/wp\/v2\/media?parent=1674"}],"curies":[{"name":"wp","href":"https:\/\/api.w.org\/{rel}","templated":true}]}}